{"id":521,"date":"2016-03-18T14:22:54","date_gmt":"2016-03-18T13:22:54","guid":{"rendered":"http:\/\/joailliersorfevres.fr\/v2\/christian-miche\/?page_id=521"},"modified":"2019-12-03T10:50:12","modified_gmt":"2019-12-03T09:50:12","slug":"nos-bijouteries","status":"publish","type":"page","link":"https:\/\/joailliersorfevres.fr\/studer\/nos-bijouteries\/","title":{"rendered":"Nos bijouteries"},"content":{"rendered":"<p style=\"text-align: left;\"><p class=\"error\">Basic Google Maps Placemarks erreur : les fichiers JavaScript et\/ou CSS n'ont pas pu \u00eatre chargez. SI vous utilisez la fonction do_shortcode(), vous devez ajouter un filtre \u00e0 votre th\u00e8me. <a href=\"http:\/\/wordpress.org\/extend\/plugins\/basic-google-maps-placemarks\/faq\/\">the FAQ<\/a>Plus de d\u00e9tails.<\/p><\/p>\n<hr \/>\n<p>&nbsp;<\/p>\n<h3>Studer<\/h3>\n<p><a href=\"http:\/\/joailliersorfevres.fr\/studer\/contact\/\">Envoyer un message<\/a><\/p>\n<p>&nbsp;<\/p>\n<ul>\n<li><strong>BIJOUTERIE\u00a0STUDER<\/strong><br \/>\n1 rue des 3 Cailloux<br \/>\n80000 AMIENS<br \/>\n<img loading=\"lazy\" decoding=\"async\" class=\"alignnone size-medium wp-image-1226\" src=\"http:\/\/joailliersorfevres.fr\/studer\/wp-content\/uploads\/sites\/13\/studer-300x191.jpg\" alt=\"studer\" width=\"300\" height=\"191\" srcset=\"https:\/\/joailliersorfevres.fr\/studer\/wp-content\/uploads\/sites\/13\/studer-300x191.jpg 300w, https:\/\/joailliersorfevres.fr\/studer\/wp-content\/uploads\/sites\/13\/studer.jpg 425w\" sizes=\"(max-width: 300px) 100vw, 300px\" \/><\/p>\n<p class=\"tel\"><strong>03 22 71 88 88<\/strong><\/p>\n<h5>Horaires<\/h5>\n<p><span style=\"color: #0ba200;\">Ouvert<\/span><br \/>\n<strong>&#8211; Le lundi<\/strong><br \/>\nde 11h00 \u00e0 19h00 (sauf juillet\/ao\u00fbt)<br \/>\n<strong>&#8211; Du mardi au samedi<\/strong><br \/>\nde 10h00 \u00e0 19h00 sans interruption<\/p>\n<p><span style=\"color: #ff0000;\">Ferm\u00e9<\/span><br \/>\n<strong>Le dimanche<\/strong><\/li>\n<\/ul>\n<hr \/>\n","protected":false},"excerpt":{"rendered":"<p>&nbsp; Studer Envoyer un message &nbsp; BIJOUTERIE\u00a0STUDER 1 rue des 3 Cailloux 80000 AMIENS 03 22 71 88 88 Horaires Ouvert &#8211; Le lundi de 11h00 \u00e0 19h00 (sauf juillet\/ao\u00fbt) &#8211; Du mardi au samedi de 10h00 \u00e0 19h00 sans interruption Ferm\u00e9 Le dimanche<\/p>\n","protected":false},"author":1,"featured_media":0,"parent":0,"menu_order":0,"comment_status":"closed","ping_status":"closed","template":"","meta":{"footnotes":""},"_links":{"self":[{"href":"https:\/\/joailliersorfevres.fr\/studer\/wp-json\/wp\/v2\/pages\/521"}],"collection":[{"href":"https:\/\/joailliersorfevres.fr\/studer\/wp-json\/wp\/v2\/pages"}],"about":[{"href":"https:\/\/joailliersorfevres.fr\/studer\/wp-json\/wp\/v2\/types\/page"}],"author":[{"embeddable":true,"href":"https:\/\/joailliersorfevres.fr\/studer\/wp-json\/wp\/v2\/users\/1"}],"replies":[{"embeddable":true,"href":"https:\/\/joailliersorfevres.fr\/studer\/wp-json\/wp\/v2\/comments?post=521"}],"version-history":[{"count":99,"href":"https:\/\/joailliersorfevres.fr\/studer\/wp-json\/wp\/v2\/pages\/521\/revisions"}],"predecessor-version":[{"id":1258,"href":"https:\/\/joailliersorfevres.fr\/studer\/wp-json\/wp\/v2\/pages\/521\/revisions\/1258"}],"wp:attachment":[{"href":"https:\/\/joailliersorfevres.fr\/studer\/wp-json\/wp\/v2\/media?parent=521"}],"curies":[{"name":"wp","href":"https:\/\/api.w.org\/{rel}","templated":true}]}}