{"id":9,"date":"2016-01-22T11:41:17","date_gmt":"2016-01-22T10:41:17","guid":{"rendered":"http:\/\/joailliersorfevres.fr\/v2\/christian-miche\/?page_id=9"},"modified":"2016-09-22T09:12:30","modified_gmt":"2016-09-22T08:12:30","slug":"notre-histoire","status":"publish","type":"page","link":"https:\/\/joailliersorfevres.fr\/stauffer\/notre-histoire\/","title":{"rendered":"Notre histoire"},"content":{"rendered":"<blockquote><p>La bijouterie Stauffer\u00a0vous propose de d\u00e9couvrir un large choix de bijoux et de montres dans ses 3\u00a0magasins.<\/p><\/blockquote>\n<table style=\"width: 890px;\">\n<tbody>\n<tr>\n<td style=\"vertical-align: top;\"><span style=\"font-size: 16px; line-height: 24px;\"><\/span><\/td>\n<td style=\"text-align: left; vertical-align: top;\">La famille Stauffer, fid\u00e8le au m\u00e9tier du bijou et de la montre depuis trois g\u00e9n\u00e9rations, vous accueille \u00e0 Nancy, Lun\u00e9ville, Gerardmer. L\u2019accueil chaleureux qui est r\u00e9serv\u00e9 \u00e0 chacun d\u2019entre vous, est suivi de la d\u00e9couverte de ces antres aux bijoux et aux montres o\u00f9 une large s\u00e9lection de belles marques classiques et tendances vous y attend.<\/td>\n<\/tr>\n<tr>\n<td><span style=\"font-size: 16px; line-height: 24px;\"><\/span><\/td>\n<td style=\"text-align: left; vertical-align: top;\"><\/td>\n<\/tr>\n<\/tbody>\n<\/table>\n<table style=\"width: 890px;\">\n<tbody>\n<tr>\n<td><\/td>\n<td><\/td>\n<td style=\"vertical-align: top;\"><\/td>\n<\/tr>\n<\/tbody>\n<\/table>\n<p><img loading=\"lazy\" decoding=\"async\" class=\"wp-image-761 size-full aligncenter\" src=\"http:\/\/joailliersorfevres.fr\/stauffer\/wp-content\/uploads\/sites\/14\/histoire4-1.jpg\" alt=\"histoire4\" width=\"866\" height=\"332\" srcset=\"https:\/\/joailliersorfevres.fr\/stauffer\/wp-content\/uploads\/sites\/14\/histoire4-1.jpg 866w, https:\/\/joailliersorfevres.fr\/stauffer\/wp-content\/uploads\/sites\/14\/histoire4-1-300x115.jpg 300w\" sizes=\"(max-width: 866px) 100vw, 866px\" \/><\/p>\n","protected":false},"excerpt":{"rendered":"<p>La bijouterie Stauffer\u00a0vous propose de d\u00e9couvrir un large choix de bijoux et de montres dans ses 3\u00a0magasins. La famille Stauffer, fid\u00e8le au m\u00e9tier du bijou et de la montre depuis trois g\u00e9n\u00e9rations, vous accueille \u00e0 Nancy, Lun\u00e9ville, Gerardmer. L\u2019accueil chaleureux qui est r\u00e9serv\u00e9 \u00e0 chacun d\u2019entre vous, est suivi de la d\u00e9couverte de ces antres &hellip; <a href=\"https:\/\/joailliersorfevres.fr\/stauffer\/notre-histoire\/\" class=\"more-link\">Continuer la lecture de <span class=\"screen-reader-text\">Notre histoire<\/span> <span class=\"meta-nav\">&rarr;<\/span><\/a><\/p>\n","protected":false},"author":1,"featured_media":0,"parent":0,"menu_order":0,"comment_status":"closed","ping_status":"closed","template":"","meta":{"footnotes":""},"_links":{"self":[{"href":"https:\/\/joailliersorfevres.fr\/stauffer\/wp-json\/wp\/v2\/pages\/9"}],"collection":[{"href":"https:\/\/joailliersorfevres.fr\/stauffer\/wp-json\/wp\/v2\/pages"}],"about":[{"href":"https:\/\/joailliersorfevres.fr\/stauffer\/wp-json\/wp\/v2\/types\/page"}],"author":[{"embeddable":true,"href":"https:\/\/joailliersorfevres.fr\/stauffer\/wp-json\/wp\/v2\/users\/1"}],"replies":[{"embeddable":true,"href":"https:\/\/joailliersorfevres.fr\/stauffer\/wp-json\/wp\/v2\/comments?post=9"}],"version-history":[{"count":33,"href":"https:\/\/joailliersorfevres.fr\/stauffer\/wp-json\/wp\/v2\/pages\/9\/revisions"}],"predecessor-version":[{"id":1119,"href":"https:\/\/joailliersorfevres.fr\/stauffer\/wp-json\/wp\/v2\/pages\/9\/revisions\/1119"}],"wp:attachment":[{"href":"https:\/\/joailliersorfevres.fr\/stauffer\/wp-json\/wp\/v2\/media?parent=9"}],"curies":[{"name":"wp","href":"https:\/\/api.w.org\/{rel}","templated":true}]}}