{"id":521,"date":"2016-03-18T14:22:54","date_gmt":"2016-03-18T13:22:54","guid":{"rendered":"http:\/\/joailliersorfevres.fr\/v2\/christian-miche\/?page_id=521"},"modified":"2016-09-22T11:25:56","modified_gmt":"2016-09-22T10:25:56","slug":"nos-bijouteries","status":"publish","type":"page","link":"https:\/\/joailliersorfevres.fr\/stauffer\/nos-bijouteries\/","title":{"rendered":"Nos bijouteries"},"content":{"rendered":"<p style=\"text-align: left;\"><p class=\"error\">Basic Google Maps Placemarks erreur : les fichiers JavaScript et\/ou CSS n'ont pas pu \u00eatre chargez. SI vous utilisez la fonction do_shortcode(), vous devez ajouter un filtre \u00e0 votre th\u00e8me. <a href=\"http:\/\/wordpress.org\/extend\/plugins\/basic-google-maps-placemarks\/faq\/\">the FAQ<\/a>Plus de d\u00e9tails.<\/p><\/p>\n<hr \/>\n<p>&nbsp;<\/p>\n<h3>Stauffer<\/h3>\n<p><a href=\"http:\/\/joailliersorfevres.fr\/stauffer\/contact\/\">Envoyer un message<\/a><\/p>\n<p>&nbsp;<\/p>\n<ul>\n<li><strong>BIJOUTERIE STAUFFER<\/strong><br \/>\n11 B rue Carnot<br \/>\n54300 LUNEVILLE<\/p>\n<p class=\"tel\"><strong>03 83 74 11 66<\/strong><\/p>\n<h5>Horaires<\/h5>\n<p><span style=\"color: #0ba200;\">Ouvert<\/span><br \/>\nde 9h00 \u00e0 12h00 et de 13h30 \u00e0 19h<\/p>\n<p><span style=\"color: #ff0000;\">Ferm\u00e9<\/span><br \/>\n<strong>Le dimanche<\/strong><\/li>\n<li><strong>BIJOUTERIE STAUFFER<\/strong><br \/>\n18 rue Raugraff<br \/>\n54000 NANCY<\/p>\n<p class=\"tel\"><strong>09 71 50 80 57<\/strong><\/p>\n<h5>Horaires<\/h5>\n<p><span style=\"color: #0ba200;\">Ouvert<\/span><br \/>\nde 10h00 \u00e0 19h00<\/p>\n<p><span style=\"color: #ff0000;\">Ferm\u00e9<\/span><br \/>\n<strong>Le dimanche<\/strong><\/li>\n<li><strong>BIJOUTERIE STAUFFER<\/strong><br \/>\n42 rue Charles de Gaulles<br \/>\n88400 GERARDMER<\/p>\n<p class=\"tel\"><strong>03 29 41 70 96<\/strong><\/p>\n<h5>Horaires<\/h5>\n<p><span style=\"color: #0ba200;\">Ouvert<\/span><br \/>\nde 10h00 \u00e0 12h30 et de 14h30 \u00e0 19h00<\/p>\n<p><span style=\"color: #ff0000;\">Ferm\u00e9<\/span><br \/>\n<strong>Le dimanche<\/strong><\/li>\n<\/ul>\n<hr \/>\n","protected":false},"excerpt":{"rendered":"<p>&nbsp; Stauffer Envoyer un message &nbsp; BIJOUTERIE STAUFFER 11 B rue Carnot 54300 LUNEVILLE 03 83 74 11 66 Horaires Ouvert de 9h00 \u00e0 12h00 et de 13h30 \u00e0 19h Ferm\u00e9 Le dimanche BIJOUTERIE STAUFFER 18 rue Raugraff 54000 NANCY 09 71 50 80 57 Horaires Ouvert de 10h00 \u00e0 19h00 Ferm\u00e9 Le dimanche BIJOUTERIE &hellip; <a href=\"https:\/\/joailliersorfevres.fr\/stauffer\/nos-bijouteries\/\" class=\"more-link\">Continuer la lecture de <span class=\"screen-reader-text\">Nos bijouteries<\/span> <span class=\"meta-nav\">&rarr;<\/span><\/a><\/p>\n","protected":false},"author":1,"featured_media":0,"parent":0,"menu_order":0,"comment_status":"closed","ping_status":"closed","template":"","meta":{"footnotes":""},"_links":{"self":[{"href":"https:\/\/joailliersorfevres.fr\/stauffer\/wp-json\/wp\/v2\/pages\/521"}],"collection":[{"href":"https:\/\/joailliersorfevres.fr\/stauffer\/wp-json\/wp\/v2\/pages"}],"about":[{"href":"https:\/\/joailliersorfevres.fr\/stauffer\/wp-json\/wp\/v2\/types\/page"}],"author":[{"embeddable":true,"href":"https:\/\/joailliersorfevres.fr\/stauffer\/wp-json\/wp\/v2\/users\/1"}],"replies":[{"embeddable":true,"href":"https:\/\/joailliersorfevres.fr\/stauffer\/wp-json\/wp\/v2\/comments?post=521"}],"version-history":[{"count":86,"href":"https:\/\/joailliersorfevres.fr\/stauffer\/wp-json\/wp\/v2\/pages\/521\/revisions"}],"predecessor-version":[{"id":1123,"href":"https:\/\/joailliersorfevres.fr\/stauffer\/wp-json\/wp\/v2\/pages\/521\/revisions\/1123"}],"wp:attachment":[{"href":"https:\/\/joailliersorfevres.fr\/stauffer\/wp-json\/wp\/v2\/media?parent=521"}],"curies":[{"name":"wp","href":"https:\/\/api.w.org\/{rel}","templated":true}]}}