{"id":746,"date":"2016-08-31T14:18:39","date_gmt":"2016-08-31T13:18:39","guid":{"rendered":"http:\/\/joailliersorfevres.fr\/schnellbach-2\/?post_type=product&#038;p=746"},"modified":"2016-09-15T14:43:41","modified_gmt":"2016-09-15T13:43:41","slug":"certificats-dauthenticite","status":"publish","type":"product","link":"https:\/\/joailliersorfevres.fr\/schnellbach\/nos-bijoux\/nos-bijoux\/univers-mariage\/certificats-dauthenticite\/","title":{"rendered":"Certificats d&rsquo;authenticit\u00e9"},"content":{"rendered":"","protected":false},"excerpt":{"rendered":"<p><strong>Certificats d&rsquo;authenticit\u00e9<\/strong> Un certificat d&rsquo;authenticit\u00e9 sign\u00e9 et dat\u00e9 pour tout achat de bijoux et de montres vous sera remis.<\/p>\n","protected":false},"featured_media":955,"comment_status":"closed","ping_status":"closed","template":"","meta":[],"product_cat":[19],"product_tag":[],"_links":{"self":[{"href":"https:\/\/joailliersorfevres.fr\/schnellbach\/wp-json\/wp\/v2\/product\/746"}],"collection":[{"href":"https:\/\/joailliersorfevres.fr\/schnellbach\/wp-json\/wp\/v2\/product"}],"about":[{"href":"https:\/\/joailliersorfevres.fr\/schnellbach\/wp-json\/wp\/v2\/types\/product"}],"replies":[{"embeddable":true,"href":"https:\/\/joailliersorfevres.fr\/schnellbach\/wp-json\/wp\/v2\/comments?post=746"}],"wp:featuredmedia":[{"embeddable":true,"href":"https:\/\/joailliersorfevres.fr\/schnellbach\/wp-json\/wp\/v2\/media\/955"}],"wp:attachment":[{"href":"https:\/\/joailliersorfevres.fr\/schnellbach\/wp-json\/wp\/v2\/media?parent=746"}],"wp:term":[{"taxonomy":"product_cat","embeddable":true,"href":"https:\/\/joailliersorfevres.fr\/schnellbach\/wp-json\/wp\/v2\/product_cat?post=746"},{"taxonomy":"product_tag","embeddable":true,"href":"https:\/\/joailliersorfevres.fr\/schnellbach\/wp-json\/wp\/v2\/product_tag?post=746"}],"curies":[{"name":"wp","href":"https:\/\/api.w.org\/{rel}","templated":true}]}}