{"id":9,"date":"2016-01-22T11:41:17","date_gmt":"2016-01-22T10:41:17","guid":{"rendered":"http:\/\/joailliersorfevres.fr\/v2\/christian-miche\/?page_id=9"},"modified":"2018-11-26T18:53:10","modified_gmt":"2018-11-26T17:53:10","slug":"notre-histoire","status":"publish","type":"page","link":"https:\/\/joailliersorfevres.fr\/schnellbach\/notre-histoire\/","title":{"rendered":"Notre histoire"},"content":{"rendered":"<blockquote><p>Schnellbach vous propose de d\u00e9couvrir un large choix de bijoux et de montres dans ses 4 magasins.<\/p><\/blockquote>\n<table style=\"width: 890px;\">\n<tbody>\n<tr>\n<td style=\"vertical-align: top; width: 199px;\"><img loading=\"lazy\" decoding=\"async\" class=\"alignnone size-large wp-image-1091\" src=\"http:\/\/joailliersorfevres.fr\/schnellbach\/wp-content\/uploads\/sites\/12\/BijSchnellbach-300x200.jpg\" alt=\"mars-2006\" width=\"474\" height=\"356\" \/><\/td>\n<td style=\"text-align: left; vertical-align: top; width: 656px;\"><span style=\"font-size: 16px; line-height: 24px;\">La bijouterie Schnellbach, une histoire de famille<\/span><\/p>\n<p>Suivant la trace de son p\u00e8re, lui- m\u00eame bijoutier en Alsace en 1870, le grand-p\u00e8re de R\u00e9mi Schnellbach installe en 1919 sa propre bijouterie \u00e0 Dieppe. Il l\u2019exploita avec son \u00e9pouse jusqu\u2019en 1960 avant de la transmettre \u00e0 ses deux fils, Andr\u00e9 et Jean, qui, \u00e0 leur tour, l\u2019ont transmise \u00e0 R\u00e9mi Schnellbach en 1990.<\/td>\n<\/tr>\n<tr>\n<td style=\"width: 199px;\"><span style=\"font-size: 16px; line-height: 24px;\"><img loading=\"lazy\" decoding=\"async\" class=\"alignnone wp-image-1090 size-large\" src=\"http:\/\/joailliersorfevres.fr\/schnellbach\/wp-content\/uploads\/sites\/12\/EspaceMontre-300x200.jpg\" width=\"474\" height=\"356\" \/><\/span><\/td>\n<td style=\"text-align: left; vertical-align: top; width: 656px;\"><span style=\"font-size: 16px; line-height: 24px;\">Fort de sa formation commerciale, R\u00e9mi Schnellbach d\u00e9cide de d\u00e9velopper l\u2019enseigne en y apportant sa touche personnelle. Conscient que le commerce \u00e9volue, il ouvre une bijouterie en 1995 dans le nouveau centre commercial du Belv\u00e9d\u00e8re \u00e0 Dieppe. Un an plus tard, il cr\u00e9\u00e9 un espace enti\u00e8rement d\u00e9di\u00e9 aux montres (l\u2019un des premiers de France) juste \u00e0 c\u00f4t\u00e9 de cette bijouterie. En 1999, pressentant la mont\u00e9e en puissance des marques de bijoux et de montres griff\u00e9s, il cr\u00e9\u00e9 un nouveau concept r\u00e9serv\u00e9 \u00e0 ces produits branch\u00e9s : \u201cOr et vous\u201d ouvre le 7 d\u00e9cembre. La maison m\u00e8re anciennement au \u201cM\u00e9ridien\u201c est plus classique et propose des parures joaillerie \u00e0 prix tr\u00e8s abordables. Tout r\u00e9cemment, et pour \u00e9largir le choix propos\u00e9 au centre commercial du Belv\u00e9d\u00e8re, il transf\u00e8re son espace montres sur 80 m\u00b2 et agrandit du m\u00eame coup l\u2019espace bijoux sur 100 m\u00b2.<\/span><\/td>\n<\/tr>\n<tr>\n<td style=\"width: 199px;\"><img loading=\"lazy\" decoding=\"async\" class=\"alignnone size-large wp-image-1089\" src=\"http:\/\/joailliersorfevres.fr\/schnellbach\/wp-content\/uploads\/sites\/12\/EspaceBijoux-300x205.jpg\" alt=\"esp-bij-2016\" width=\"474\" height=\"267\" \/><\/td>\n<td style=\"text-align: left; vertical-align: top; width: 656px;\"><span style=\"font-size: 16px; line-height: 24px;\">Aujourd\u2019hui, l\u2019entreprise familiale emploie 30 personnes.<br \/>\nUne \u00e9quipe comp\u00e9tente avec laquelle il discute des lignes de bijoux et montres propos\u00e9es dans chaque boutique. \u00ab Notre client\u00e8le est tr\u00e8s fid\u00e8le, on suit des familles sur plusieurs g\u00e9n\u00e9rations. On partage la vie et l\u2019histoire des gens \u00bb. Le succ\u00e8s de l\u2019entreprise s\u2019explique aussi par une strat\u00e9gie commerciale tourn\u00e9e vers le choix et les services offerts aux clients : cartes de fid\u00e9lit\u00e9, ch\u00e8ques anniversaire, cartes cadeaux, paiement en 4 fois sans frais ainsi qu\u2019un atelier de bijouterie-horlogerie o\u00f9 5 ouvriers qualifi\u00e9s assurent le service apr\u00e8s-vente sur Dieppe.<\/span><\/td>\n<\/tr>\n<tr>\n<td style=\"width: 199px;\"><img decoding=\"async\" src=\"http:\/\/joailliersorfevres.fr\/schnellbach\/wp-content\/uploads\/sites\/12\/facade-LBDP-01-2018_web.jpg\" alt=\"facade-LBDP-01-2018_web\" width=\"474\" height=\"auto\" class=\"alignnone size-full wp-image-1390\" srcset=\"https:\/\/joailliersorfevres.fr\/schnellbach\/wp-content\/uploads\/sites\/12\/facade-LBDP-01-2018_web.jpg 800w, https:\/\/joailliersorfevres.fr\/schnellbach\/wp-content\/uploads\/sites\/12\/facade-LBDP-01-2018_web-300x200.jpg 300w\" sizes=\"(max-width: 800px) 100vw, 800px\" \/><\/td>\n<td style=\"text-align: left; vertical-align: top; width: 656px;\">Et pour \u00eatre toujours au fait de ce qui se cr\u00e9\u00e9, R\u00e9mi Schnellbach adh\u00e8re au groupement national \u201cLes joailliers orf\u00e8vres\u201c, qui \u00e9dite \u00e0 la fin de chaque ann\u00e9e 3 catalogues : Allure joaillerie, Allure tendances et Allures montres. Avec 4 points de vente tr\u00e8s compl\u00e9mentaires, vous serez s\u00fbrs de trouver votre bonheur pour No\u00ebl.<\/td>\n<\/tr>\n<\/tbody>\n<\/table>\n<p><img loading=\"lazy\" decoding=\"async\" class=\"wp-image-761 size-full aligncenter\" src=\"http:\/\/joailliersorfevres.fr\/schnellbach\/wp-content\/uploads\/sites\/6\/histoire4-1.jpg\" alt=\"histoire4\" width=\"866\" height=\"332\" srcset=\"https:\/\/joailliersorfevres.fr\/schnellbach\/wp-content\/uploads\/sites\/12\/histoire4-1.jpg 866w, https:\/\/joailliersorfevres.fr\/schnellbach\/wp-content\/uploads\/sites\/12\/histoire4-1-300x115.jpg 300w\" sizes=\"(max-width: 866px) 100vw, 866px\" \/><\/p>\n","protected":false},"excerpt":{"rendered":"<p>Schnellbach vous propose de d\u00e9couvrir un large choix de bijoux et de montres dans ses 4 magasins. La bijouterie Schnellbach, une histoire de famille Suivant la trace de son p\u00e8re, lui- m\u00eame bijoutier en Alsace en 1870, le grand-p\u00e8re de R\u00e9mi Schnellbach installe en 1919 sa propre bijouterie \u00e0 Dieppe. Il l\u2019exploita avec son \u00e9pouse &hellip; <a href=\"https:\/\/joailliersorfevres.fr\/schnellbach\/notre-histoire\/\" class=\"more-link\">Continuer la lecture de <span class=\"screen-reader-text\">Notre histoire<\/span> <span class=\"meta-nav\">&rarr;<\/span><\/a><\/p>\n","protected":false},"author":1,"featured_media":0,"parent":0,"menu_order":0,"comment_status":"closed","ping_status":"closed","template":"","meta":{"footnotes":""},"_links":{"self":[{"href":"https:\/\/joailliersorfevres.fr\/schnellbach\/wp-json\/wp\/v2\/pages\/9"}],"collection":[{"href":"https:\/\/joailliersorfevres.fr\/schnellbach\/wp-json\/wp\/v2\/pages"}],"about":[{"href":"https:\/\/joailliersorfevres.fr\/schnellbach\/wp-json\/wp\/v2\/types\/page"}],"author":[{"embeddable":true,"href":"https:\/\/joailliersorfevres.fr\/schnellbach\/wp-json\/wp\/v2\/users\/1"}],"replies":[{"embeddable":true,"href":"https:\/\/joailliersorfevres.fr\/schnellbach\/wp-json\/wp\/v2\/comments?post=9"}],"version-history":[{"count":51,"href":"https:\/\/joailliersorfevres.fr\/schnellbach\/wp-json\/wp\/v2\/pages\/9\/revisions"}],"predecessor-version":[{"id":1461,"href":"https:\/\/joailliersorfevres.fr\/schnellbach\/wp-json\/wp\/v2\/pages\/9\/revisions\/1461"}],"wp:attachment":[{"href":"https:\/\/joailliersorfevres.fr\/schnellbach\/wp-json\/wp\/v2\/media?parent=9"}],"curies":[{"name":"wp","href":"https:\/\/api.w.org\/{rel}","templated":true}]}}