{"id":521,"date":"2016-03-18T14:22:54","date_gmt":"2016-03-18T13:22:54","guid":{"rendered":"http:\/\/joailliersorfevres.fr\/v2\/christian-miche\/?page_id=521"},"modified":"2018-11-26T18:50:39","modified_gmt":"2018-11-26T17:50:39","slug":"nos-bijouteries","status":"publish","type":"page","link":"https:\/\/joailliersorfevres.fr\/schnellbach\/nos-bijouteries\/","title":{"rendered":"Nos bijouteries"},"content":{"rendered":"<p style=\"text-align: left;\"><p class=\"error\">Basic Google Maps Placemarks erreur : les fichiers JavaScript et\/ou CSS n'ont pas pu \u00eatre chargez. SI vous utilisez la fonction do_shortcode(), vous devez ajouter un filtre \u00e0 votre th\u00e8me. <a href=\"http:\/\/wordpress.org\/extend\/plugins\/basic-google-maps-placemarks\/faq\/\">the FAQ<\/a>Plus de d\u00e9tails.<\/p><\/p>\n<hr \/>\n<p>&nbsp;<\/p>\n<h3>Schnellbach<\/h3>\n<p><a href=\"http:\/\/joailliersorfevres.fr\/schnellbach\/contact\/\">Envoyer un message<\/a><\/p>\n<p>&nbsp;<\/p>\n<ul>\n<li><strong>Bijouterie Schnellbach<\/strong><br \/>\n2-4 Grande rue<br \/>\n76200 DIEPPE<img loading=\"lazy\" decoding=\"async\" class=\"alignnone size-medium wp-image-1398\" src=\"http:\/\/joailliersorfevres.fr\/schnellbach\/wp-content\/uploads\/sites\/12\/BijSchnellbach-300x200.jpg\" alt=\"BijSchnellbach\" width=\"300\" height=\"200\" srcset=\"https:\/\/joailliersorfevres.fr\/schnellbach\/wp-content\/uploads\/sites\/12\/BijSchnellbach-300x200.jpg 300w, https:\/\/joailliersorfevres.fr\/schnellbach\/wp-content\/uploads\/sites\/12\/BijSchnellbach.jpg 900w\" sizes=\"(max-width: 300px) 100vw, 300px\" \/><\/p>\n<p class=\"tel\"><strong>02 35 84 11 85<\/strong><\/p>\n<h5>Horaires<\/h5>\n<p><span style=\"color: #0ba200;\">Ouvert<\/span><br \/>\n<strong>&#8211; Du lundi apr\u00e8s-midi au samedi<\/strong> de 9h30 \u00e0 12h30 et de 14h00 \u00e0 19h00<\/p>\n<p><span style=\"color: #ff0000;\">Ferm\u00e9<\/span><br \/>\n<strong>Le dimanche<\/strong><\/p>\n<ul class=\"social\">\n<li><a class=\"insta\" href=\"https:\/\/www.instagram.com\/maison_schnellbach\/\" target=\"_blank\">Instagram<\/a><\/li>\n<\/ul>\n<\/li>\n<li><strong>Espace Bijoux<\/strong><br \/>\nCentre Commercial Belv\u00e9d\u00e8re<br \/>\n76200 DIEPPE<img loading=\"lazy\" decoding=\"async\" class=\"alignnone size-medium wp-image-1399\" src=\"http:\/\/joailliersorfevres.fr\/schnellbach\/wp-content\/uploads\/sites\/12\/EspaceBijoux-300x205.jpg\" alt=\"EspaceBijoux\" width=\"300\" height=\"200\" \/><\/p>\n<p class=\"tel\"><strong>02 35 84 74 40<\/strong><\/p>\n<h5>Horaires<\/h5>\n<p><span style=\"color: #0ba200;\">Ouvert<\/span><br \/>\n<strong>&#8211; Du lundi au samedi<\/strong> de 9h30 \u00e0 20h00<\/p>\n<p><span style=\"color: #ff0000;\">Ferm\u00e9<\/span><br \/>\n<strong>Le dimanche<\/strong><\/p>\n<ul class=\"social\">\n<li><a class=\"insta\" href=\"https:\/\/www.instagram.com\/schnellbach_bijoux\/\" target=\"_blank\">Instagram<\/a><\/li>\n<\/ul>\n<\/li>\n<li><strong>Espace Montre<\/strong><br \/>\nCentre Commercial Belv\u00e9d\u00e8re<br \/>\n76200 DIEPPE<img loading=\"lazy\" decoding=\"async\" class=\"alignnone size-medium wp-image-1400\" src=\"http:\/\/joailliersorfevres.fr\/schnellbach\/wp-content\/uploads\/sites\/12\/EspaceMontre-300x200.jpg\" alt=\"EspaceMontre\" width=\"300\" height=\"200\" srcset=\"https:\/\/joailliersorfevres.fr\/schnellbach\/wp-content\/uploads\/sites\/12\/EspaceMontre-300x200.jpg 300w, https:\/\/joailliersorfevres.fr\/schnellbach\/wp-content\/uploads\/sites\/12\/EspaceMontre.jpg 900w\" sizes=\"(max-width: 300px) 100vw, 300px\" \/><\/p>\n<p class=\"tel\"><strong>02 35 06 14 44<\/strong><\/p>\n<h5>Horaires<\/h5>\n<p><span style=\"color: #0ba200;\">Ouvert<\/span><br \/>\n<strong>&#8211; Du\u00a0lundi au samedi<\/strong> de 9h30 \u00e0 20h00<\/p>\n<p><span style=\"color: #ff0000;\">Ferm\u00e9<\/span><br \/>\n<strong>Le dimanche<\/strong><\/p>\n<ul class=\"social\">\n<li><a class=\"insta\" href=\"https:\/\/www.instagram.com\/schnellbach_montres\/\" target=\"_blank\">Instagram<\/a><\/li>\n<\/ul>\n<\/li>\n<li><strong>La Boutique de Pauline<\/strong><br \/>\nPlace du Puits Sal\u00e9<br \/>\n76200 DIEPPE<img loading=\"lazy\" decoding=\"async\" class=\"alignnone size-full wp-image-816\" src=\"http:\/\/joailliersorfevres.fr\/schnellbach\/wp-content\/uploads\/sites\/12\/pauline.jpg\" alt=\"boutique4\" width=\"300\" height=\"200\" \/><\/p>\n<p class=\"tel\"><strong>02 35 84 21 20<\/strong><\/p>\n<h5>Horaires<\/h5>\n<p><span style=\"color: #0ba200;\">Ouvert<\/span><br \/>\n<strong>&#8211; Lundi <\/strong> de 14h \u00e0 19h<br \/>\n<strong>&#8211; Mardi au samedi <\/strong> de 10h \u00e0 13h et de 14h00 \u00e0 19h00<\/p>\n<p><span style=\"color: #ff0000;\">Ferm\u00e9<\/span><br \/>\n<strong>Le dimanche<\/strong><\/p>\n<ul class=\"social\">\n<li><a class=\"insta\" href=\"https:\/\/www.instagram.com\/la_boutique_de_pauline\/\" target=\"_blank\">Instagram<\/a><\/li>\n<\/ul>\n<\/li>\n<\/ul>\n<hr \/>\n","protected":false},"excerpt":{"rendered":"<p>&nbsp; Schnellbach Envoyer un message &nbsp; Bijouterie Schnellbach 2-4 Grande rue 76200 DIEPPE 02 35 84 11 85 Horaires Ouvert &#8211; Du lundi apr\u00e8s-midi au samedi de 9h30 \u00e0 12h30 et de 14h00 \u00e0 19h00 Ferm\u00e9 Le dimanche Instagram Espace Bijoux Centre Commercial Belv\u00e9d\u00e8re 76200 DIEPPE 02 35 84 74 40 Horaires Ouvert &#8211; Du &hellip; <a href=\"https:\/\/joailliersorfevres.fr\/schnellbach\/nos-bijouteries\/\" class=\"more-link\">Continuer la lecture de <span class=\"screen-reader-text\">Nos bijouteries<\/span> <span class=\"meta-nav\">&rarr;<\/span><\/a><\/p>\n","protected":false},"author":1,"featured_media":0,"parent":0,"menu_order":0,"comment_status":"closed","ping_status":"closed","template":"","meta":{"footnotes":""},"_links":{"self":[{"href":"https:\/\/joailliersorfevres.fr\/schnellbach\/wp-json\/wp\/v2\/pages\/521"}],"collection":[{"href":"https:\/\/joailliersorfevres.fr\/schnellbach\/wp-json\/wp\/v2\/pages"}],"about":[{"href":"https:\/\/joailliersorfevres.fr\/schnellbach\/wp-json\/wp\/v2\/types\/page"}],"author":[{"embeddable":true,"href":"https:\/\/joailliersorfevres.fr\/schnellbach\/wp-json\/wp\/v2\/users\/1"}],"replies":[{"embeddable":true,"href":"https:\/\/joailliersorfevres.fr\/schnellbach\/wp-json\/wp\/v2\/comments?post=521"}],"version-history":[{"count":103,"href":"https:\/\/joailliersorfevres.fr\/schnellbach\/wp-json\/wp\/v2\/pages\/521\/revisions"}],"predecessor-version":[{"id":1458,"href":"https:\/\/joailliersorfevres.fr\/schnellbach\/wp-json\/wp\/v2\/pages\/521\/revisions\/1458"}],"wp:attachment":[{"href":"https:\/\/joailliersorfevres.fr\/schnellbach\/wp-json\/wp\/v2\/media?parent=521"}],"curies":[{"name":"wp","href":"https:\/\/api.w.org\/{rel}","templated":true}]}}