{"id":9,"date":"2016-01-22T11:41:17","date_gmt":"2016-01-22T10:41:17","guid":{"rendered":"http:\/\/joailliersorfevres.fr\/v2\/christian-miche\/?page_id=9"},"modified":"2021-03-30T16:11:37","modified_gmt":"2021-03-30T15:11:37","slug":"notre-histoire","status":"publish","type":"page","link":"https:\/\/joailliersorfevres.fr\/oreva\/notre-histoire\/","title":{"rendered":"Notre histoire"},"content":{"rendered":"<blockquote><p>Oreva Courmont vous propose de d\u00e9couvrir un large choix de bijoux et de montres dans ses 4 magasins.<\/p><\/blockquote>\n<table style=\"width: 890px;\">\n<tbody>\n<tr>\n<td style=\"vertical-align: top;\" rowspan=\"4\"><img decoding=\"async\" class=\"alignnone size-large wp-image-1283\" src=\"http:\/\/joailliersorfevres.fr\/oreva\/wp-content\/uploads\/sites\/29\/Sans-titre-2-copie5-676x1024.jpg\" alt=\"Sans-titre-2-copie5\" width=\"280\" height=\"auto\" srcset=\"https:\/\/joailliersorfevres.fr\/oreva\/wp-content\/uploads\/sites\/29\/Sans-titre-2-copie5-676x1024.jpg 676w, https:\/\/joailliersorfevres.fr\/oreva\/wp-content\/uploads\/sites\/29\/Sans-titre-2-copie5-198x300.jpg 198w, https:\/\/joailliersorfevres.fr\/oreva\/wp-content\/uploads\/sites\/29\/Sans-titre-2-copie5.jpg 1170w\" sizes=\"(max-width: 676px) 100vw, 676px\" \/><\/td>\n<td style=\"text-align: left; vertical-align: top;\"><span style=\"font-size: 16px; line-height: 24px;\">C\u2019est en 1996 que la premi\u00e8re horlogerie-bijouterie \u00ab\u00a0Oreva Courmont\u00a0\u00bb nait \u00e0 Angoul\u00eame, v\u00e9ritable maison m\u00e8re qui s\u2019inscrit en tant que sp\u00e9cialiste du mariage.<\/span><\/td>\n<\/tr>\n<tr>\n<td style=\"text-align: left; vertical-align: top;\"><span style=\"font-size: 16px; line-height: 24px;\">En 2007, Thierry et Lynda ouvrent une autre horlogerie-bijouterie \u00ab Joailliers Orf\u00e8vres \u00bb sp\u00e9cialis\u00e9e dans la fabrication et la r\u00e9paration de montres dans le centre commercial du Champ-de-Mars \u00e0 Angoul\u00eame.<\/span><\/td>\n<\/tr>\n<tr>\n<td style=\"text-align: left; vertical-align: top;\"><span style=\"font-size: 16px; line-height: 24px;\">C\u2019est en d\u00e9cembre 2016 que la Maison ouvre un premier magasin So Or by Oreva Courmont dans le centre Leclerc de Barbezieux puis un autre, So Or Espace et Passion dans celui d\u2019Angoul\u00eame.<\/span><\/td>\n<\/tr>\n<tr>\n<td style=\"text-align: left; vertical-align: top;\"><span style=\"font-size: 16px; line-height: 24px;\">Notre enseigne s\u2019investit localement lors d\u2019\u00e9v\u00e9nements importants\u00a0: comp\u00e9titions de golf, l\u2019\u00e9trier charentais pour le Festijump, \u00e0 la chambre de commerce pour la formation de jeunes apprentis\u2026<\/span><\/td>\n<\/tr>\n<\/tbody>\n<\/table>\n<p><img loading=\"lazy\" decoding=\"async\" class=\"wp-image-761 size-full aligncenter\" src=\"http:\/\/joailliersorfevres.fr\/oreva\/wp-content\/uploads\/sites\/29\/histoire4-1.jpg\" alt=\"histoire4\" width=\"866\" height=\"332\" srcset=\"https:\/\/joailliersorfevres.fr\/oreva\/wp-content\/uploads\/sites\/29\/histoire4-1.jpg 866w, https:\/\/joailliersorfevres.fr\/oreva\/wp-content\/uploads\/sites\/29\/histoire4-1-300x115.jpg 300w\" sizes=\"(max-width: 866px) 100vw, 866px\" \/><\/p>\n","protected":false},"excerpt":{"rendered":"<p>Oreva Courmont vous propose de d\u00e9couvrir un large choix de bijoux et de montres dans ses 4 magasins. C\u2019est en 1996 que la premi\u00e8re horlogerie-bijouterie \u00ab\u00a0Oreva Courmont\u00a0\u00bb nait \u00e0 Angoul\u00eame, v\u00e9ritable maison m\u00e8re qui s\u2019inscrit en tant que sp\u00e9cialiste du mariage. En 2007, Thierry et Lynda ouvrent une autre horlogerie-bijouterie \u00ab Joailliers Orf\u00e8vres \u00bb sp\u00e9cialis\u00e9e &hellip; <a href=\"https:\/\/joailliersorfevres.fr\/oreva\/notre-histoire\/\" class=\"more-link\">Continuer la lecture de <span class=\"screen-reader-text\">Notre histoire<\/span> <span class=\"meta-nav\">&rarr;<\/span><\/a><\/p>\n","protected":false},"author":1,"featured_media":0,"parent":0,"menu_order":0,"comment_status":"closed","ping_status":"closed","template":"","meta":{"footnotes":""},"_links":{"self":[{"href":"https:\/\/joailliersorfevres.fr\/oreva\/wp-json\/wp\/v2\/pages\/9"}],"collection":[{"href":"https:\/\/joailliersorfevres.fr\/oreva\/wp-json\/wp\/v2\/pages"}],"about":[{"href":"https:\/\/joailliersorfevres.fr\/oreva\/wp-json\/wp\/v2\/types\/page"}],"author":[{"embeddable":true,"href":"https:\/\/joailliersorfevres.fr\/oreva\/wp-json\/wp\/v2\/users\/1"}],"replies":[{"embeddable":true,"href":"https:\/\/joailliersorfevres.fr\/oreva\/wp-json\/wp\/v2\/comments?post=9"}],"version-history":[{"count":56,"href":"https:\/\/joailliersorfevres.fr\/oreva\/wp-json\/wp\/v2\/pages\/9\/revisions"}],"predecessor-version":[{"id":1298,"href":"https:\/\/joailliersorfevres.fr\/oreva\/wp-json\/wp\/v2\/pages\/9\/revisions\/1298"}],"wp:attachment":[{"href":"https:\/\/joailliersorfevres.fr\/oreva\/wp-json\/wp\/v2\/media?parent=9"}],"curies":[{"name":"wp","href":"https:\/\/api.w.org\/{rel}","templated":true}]}}