{"id":521,"date":"2016-03-18T14:22:54","date_gmt":"2016-03-18T13:22:54","guid":{"rendered":"http:\/\/joailliersorfevres.fr\/v2\/christian-miche\/?page_id=521"},"modified":"2021-03-15T10:54:18","modified_gmt":"2021-03-15T09:54:18","slug":"nos-bijouteries","status":"publish","type":"page","link":"https:\/\/joailliersorfevres.fr\/oreva\/nos-bijouteries\/","title":{"rendered":"Nos bijouteries"},"content":{"rendered":"<p style=\"text-align: left;\"><p class=\"error\">Basic Google Maps Placemarks erreur : les fichiers JavaScript et\/ou CSS n'ont pas pu \u00eatre chargez. SI vous utilisez la fonction do_shortcode(), vous devez ajouter un filtre \u00e0 votre th\u00e8me. <a href=\"http:\/\/wordpress.org\/extend\/plugins\/basic-google-maps-placemarks\/faq\/\">the FAQ<\/a>Plus de d\u00e9tails.<\/p><\/p>\n<hr \/>\n<p>&nbsp;<\/p>\n<h3>Oreva Courmont<\/h3>\n<p><a href=\"http:\/\/joailliersorfevres.fr\/oreva\/contact\/\">Envoyer un message<\/a><\/p>\n<p>&nbsp;<\/p>\n<ul>\n<li>\n<img loading=\"lazy\" decoding=\"async\" src=\"http:\/\/joailliersorfevres.fr\/oreva\/wp-content\/uploads\/sites\/29\/photo-mag-12-150x150.jpg\" alt=\"photo mag 1[2]\" width=\"150\" height=\"150\" class=\"alignnone size-thumbnail wp-image-1225\" style=\"width:200px;height:auto;\" srcset=\"https:\/\/joailliersorfevres.fr\/oreva\/wp-content\/uploads\/sites\/29\/photo-mag-12-150x150.jpg 150w, https:\/\/joailliersorfevres.fr\/oreva\/wp-content\/uploads\/sites\/29\/photo-mag-12-180x180.jpg 180w\" sizes=\"(max-width: 150px) 100vw, 150px\" \/><br \/>\n<strong>Oreva Courmont<\/strong><br \/>\n33 rue Herg\u00e9<br \/>\n16000 Angoul\u00eame<\/p>\n<p class=\"tel\"><strong>05 45 94 30 04<\/strong><\/p>\n<h5>Horaires<\/h5>\n<p><span style=\"color: #0ba200;\">Ouvert<\/span><br \/>\n<strong>&#8211; Le lundi<\/strong> de 14h00 \u00e0 18h00<br \/>\n<strong>&#8211; Du mardi au vendredi<\/strong> de 10h00 \u00e0 18h00<br \/>\n<strong>&#8211; Le samedi<\/strong> de 10h00 \u00e0 12h30 et de 14h00 \u00e0 18h00\n<\/li>\n<li>\n<img loading=\"lazy\" decoding=\"async\" src=\"http:\/\/joailliersorfevres.fr\/oreva\/wp-content\/uploads\/sites\/29\/photo-mag-21-150x150.jpg\" alt=\"photo mag 2[1]\" width=\"150\" height=\"150\" class=\"alignnone size-thumbnail wp-image-1226\" style=\"width:200px;height:auto;\" srcset=\"https:\/\/joailliersorfevres.fr\/oreva\/wp-content\/uploads\/sites\/29\/photo-mag-21-150x150.jpg 150w, https:\/\/joailliersorfevres.fr\/oreva\/wp-content\/uploads\/sites\/29\/photo-mag-21-180x180.jpg 180w, https:\/\/joailliersorfevres.fr\/oreva\/wp-content\/uploads\/sites\/29\/photo-mag-21-600x600.jpg 600w\" sizes=\"(max-width: 150px) 100vw, 150px\" \/><br \/>\n<strong>Joailliers Orf\u00e8vres<\/strong><br \/>\nCentre commercial Galerie du champ de mars, Place du champ de mars<br \/>\n16000 Angoul\u00eame<\/p>\n<p class=\"tel\"><strong>05 45 20 05 17<\/strong><\/p>\n<h5>Horaires<\/h5>\n<p><span style=\"color: #0ba200;\">Ouvert<\/span><br \/>\n<strong>&#8211; Du lundi au samedi<\/strong> de 10h00 \u00e0 18h00<\/li>\n<li>\n<img loading=\"lazy\" decoding=\"async\" src=\"http:\/\/joailliersorfevres.fr\/oreva\/wp-content\/uploads\/sites\/29\/photo-mag-41-150x150.jpg\" alt=\"photo mag 4[1]\" width=\"150\" height=\"150\" class=\"alignnone size-thumbnail wp-image-1227\" style=\"width:200px;height:auto;\" srcset=\"https:\/\/joailliersorfevres.fr\/oreva\/wp-content\/uploads\/sites\/29\/photo-mag-41-150x150.jpg 150w, https:\/\/joailliersorfevres.fr\/oreva\/wp-content\/uploads\/sites\/29\/photo-mag-41-180x180.jpg 180w, https:\/\/joailliersorfevres.fr\/oreva\/wp-content\/uploads\/sites\/29\/photo-mag-41-600x600.jpg 600w\" sizes=\"(max-width: 150px) 100vw, 150px\" \/><br \/>\n<strong>SO OR by Oreva Courmont<\/strong><br \/>\nCentre commercial Leclerc, 9 rue du commandant Foucault<br \/>\n16300 Barbezieux<\/p>\n<p class=\"tel\"><strong>05 45 78 39 52<\/strong><\/p>\n<h5>Horaires<\/h5>\n<p><span style=\"color: #0ba200;\">Ouvert<\/span><br \/>\n<strong>&#8211; Du lundi au samedi<\/strong> de 09h00 \u00e0 18h00<\/li>\n<li>\n<img loading=\"lazy\" decoding=\"async\" src=\"http:\/\/joailliersorfevres.fr\/oreva\/wp-content\/uploads\/sites\/29\/photo-mag-52-150x150.jpg\" alt=\"photo mag 5[2]\" width=\"150\" height=\"150\" class=\"alignnone size-thumbnail wp-image-1228\" style=\"width:200px;height:auto;\" srcset=\"https:\/\/joailliersorfevres.fr\/oreva\/wp-content\/uploads\/sites\/29\/photo-mag-52-150x150.jpg 150w, https:\/\/joailliersorfevres.fr\/oreva\/wp-content\/uploads\/sites\/29\/photo-mag-52-180x180.jpg 180w\" sizes=\"(max-width: 150px) 100vw, 150px\" \/><br \/>\n<strong>SO OR Espace or et passion<\/strong><br \/>\nCentre commercial Leclerc, 5 avenue Paul Desfarges<br \/>\n16000 Angoul\u00eame<\/p>\n<p class=\"tel\"><strong>05 45 38 20 64<\/strong><\/p>\n<h5>Horaires<\/h5>\n<p><span style=\"color: #0ba200;\">Ouvert<\/span><br \/>\n<strong>&#8211; Du lundi au samedi<\/strong> de 09h00 \u00e0 19h00<\/li>\n<\/ul>\n<hr \/>\n","protected":false},"excerpt":{"rendered":"<p>&nbsp; Oreva Courmont Envoyer un message &nbsp; Oreva Courmont 33 rue Herg\u00e9 16000 Angoul\u00eame 05 45 94 30 04 Horaires Ouvert &#8211; Le lundi de 14h00 \u00e0 18h00 &#8211; Du mardi au vendredi de 10h00 \u00e0 18h00 &#8211; Le samedi de 10h00 \u00e0 12h30 et de 14h00 \u00e0 18h00 Joailliers Orf\u00e8vres Centre commercial Galerie du &hellip; <a href=\"https:\/\/joailliersorfevres.fr\/oreva\/nos-bijouteries\/\" class=\"more-link\">Continuer la lecture de <span class=\"screen-reader-text\">Nos bijouteries<\/span> <span class=\"meta-nav\">&rarr;<\/span><\/a><\/p>\n","protected":false},"author":1,"featured_media":0,"parent":0,"menu_order":0,"comment_status":"closed","ping_status":"closed","template":"","meta":{"footnotes":""},"_links":{"self":[{"href":"https:\/\/joailliersorfevres.fr\/oreva\/wp-json\/wp\/v2\/pages\/521"}],"collection":[{"href":"https:\/\/joailliersorfevres.fr\/oreva\/wp-json\/wp\/v2\/pages"}],"about":[{"href":"https:\/\/joailliersorfevres.fr\/oreva\/wp-json\/wp\/v2\/types\/page"}],"author":[{"embeddable":true,"href":"https:\/\/joailliersorfevres.fr\/oreva\/wp-json\/wp\/v2\/users\/1"}],"replies":[{"embeddable":true,"href":"https:\/\/joailliersorfevres.fr\/oreva\/wp-json\/wp\/v2\/comments?post=521"}],"version-history":[{"count":93,"href":"https:\/\/joailliersorfevres.fr\/oreva\/wp-json\/wp\/v2\/pages\/521\/revisions"}],"predecessor-version":[{"id":1262,"href":"https:\/\/joailliersorfevres.fr\/oreva\/wp-json\/wp\/v2\/pages\/521\/revisions\/1262"}],"wp:attachment":[{"href":"https:\/\/joailliersorfevres.fr\/oreva\/wp-json\/wp\/v2\/media?parent=521"}],"curies":[{"name":"wp","href":"https:\/\/api.w.org\/{rel}","templated":true}]}}