{"id":9,"date":"2016-01-22T11:41:17","date_gmt":"2016-01-22T10:41:17","guid":{"rendered":"http:\/\/joailliersorfevres.fr\/v2\/christian-miche\/?page_id=9"},"modified":"2016-09-27T15:24:40","modified_gmt":"2016-09-27T14:24:40","slug":"notre-histoire","status":"publish","type":"page","link":"https:\/\/joailliersorfevres.fr\/malgat\/notre-histoire\/","title":{"rendered":"Notre histoire"},"content":{"rendered":"<blockquote><p>Malgat vous propose de d\u00e9couvrir un large choix de bijoux et de montres dans son magasin.<\/p><\/blockquote>\n<table style=\"width: 990px;\">\n<tbody>\n<tr>\n<td width=\"300\" style=\"vertical-align: top;margin:0;padding:0;\"><span style=\"font-size: 16px; line-height: 24px;\"><img loading=\"lazy\" decoding=\"async\" class=\"alignleft wp-image-1154 size-medium\" src=\"http:\/\/joailliersorfevres.fr\/malgat\/wp-content\/uploads\/sites\/25\/couverture-300x191.jpg\" alt=\"couverture\" width=\"300\" height=\"191\" srcset=\"https:\/\/joailliersorfevres.fr\/malgat\/wp-content\/uploads\/sites\/25\/couverture-300x191.jpg 300w, https:\/\/joailliersorfevres.fr\/malgat\/wp-content\/uploads\/sites\/25\/couverture.jpg 600w\" sizes=\"(max-width: 300px) 100vw, 300px\" \/><br \/>\n<\/span><\/td>\n<td style=\"text-align: left; vertical-align: top;width:auto;\">Un bijou, une montre , c\u2019est un coup de c\u0153ur,c\u2019est l\u2019expression d\u2019une \u00e9motion, un signe pr\u00e9cieux qui souligne un moment hors du commun, Pour bien choisir, il vous faut un professionnel , un vrai bijoutier , avec sa passion , son savoir faire , sa technicit\u00e9, Nous sommes install\u00e9s \u00e0 Sisteron depuis 1983 \u00e0 votre service pour vous apporter conseil et professionnalisme<\/p>\n<p>&nbsp;<\/p>\n<p>&nbsp;<\/td>\n<\/tr>\n<tr>\n<td>&nbsp;<\/td>\n<\/tr>\n<tr>\n<td width=\"300\" style=\"vertical-align: top;margin:0;padding:0;\" valign=\"top\"><\/td>\n<td style=\"text-align: left; vertical-align: top;padding-top:0;width:auto;\"><\/td>\n<\/tr>\n<tr>\n<td colspan=\"2\"><img loading=\"lazy\" decoding=\"async\" class=\"alignleft wp-image-1097 size-medium\" src=\"http:\/\/joailliersorfevres.fr\/malgat\/wp-content\/uploads\/sites\/25\/malgat1-300x199.jpg\" width=\"300\" height=\"199\" srcset=\"https:\/\/joailliersorfevres.fr\/malgat\/wp-content\/uploads\/sites\/25\/malgat1-300x199.jpg 300w, https:\/\/joailliersorfevres.fr\/malgat\/wp-content\/uploads\/sites\/25\/malgat1-1024x680.jpg 1024w, https:\/\/joailliersorfevres.fr\/malgat\/wp-content\/uploads\/sites\/25\/malgat1.jpg 1029w\" sizes=\"(max-width: 300px) 100vw, 300px\" \/><img loading=\"lazy\" decoding=\"async\" class=\"alignleft wp-image-1098 size-medium\" src=\"http:\/\/joailliersorfevres.fr\/malgat\/wp-content\/uploads\/sites\/25\/malgat2-300x199.jpg\" width=\"300\" height=\"199\" style=\"display:inline-block;padding-left:10px;\" srcset=\"https:\/\/joailliersorfevres.fr\/malgat\/wp-content\/uploads\/sites\/25\/malgat2-300x199.jpg 300w, https:\/\/joailliersorfevres.fr\/malgat\/wp-content\/uploads\/sites\/25\/malgat2-1024x680.jpg 1024w, https:\/\/joailliersorfevres.fr\/malgat\/wp-content\/uploads\/sites\/25\/malgat2.jpg 1029w\" sizes=\"(max-width: 300px) 100vw, 300px\" \/><img loading=\"lazy\" decoding=\"async\" class=\"alignleft wp-image-1099 size-medium\" src=\"http:\/\/joailliersorfevres.fr\/malgat\/wp-content\/uploads\/sites\/25\/malgat3-300x199.jpg\" width=\"300\" height=\"199\" style=\"display:inline-block;padding-left:10px;\" srcset=\"https:\/\/joailliersorfevres.fr\/malgat\/wp-content\/uploads\/sites\/25\/malgat3-300x199.jpg 300w, https:\/\/joailliersorfevres.fr\/malgat\/wp-content\/uploads\/sites\/25\/malgat3-1024x680.jpg 1024w, https:\/\/joailliersorfevres.fr\/malgat\/wp-content\/uploads\/sites\/25\/malgat3.jpg 1029w\" sizes=\"(max-width: 300px) 100vw, 300px\" \/><\/td>\n<\/tr>\n<tr>\n<td><\/td>\n<td style=\"text-align: left; vertical-align: top;\"><\/td>\n<\/tr>\n<\/tbody>\n<\/table>\n<p><img loading=\"lazy\" decoding=\"async\" class=\"wp-image-761 size-full aligncenter\" src=\"http:\/\/joailliersorfevres.fr\/malgat\/wp-content\/uploads\/sites\/25\/histoire4-1.jpg\" alt=\"histoire4\" width=\"866\" height=\"332\" srcset=\"https:\/\/joailliersorfevres.fr\/malgat\/wp-content\/uploads\/sites\/25\/histoire4-1.jpg 866w, https:\/\/joailliersorfevres.fr\/malgat\/wp-content\/uploads\/sites\/25\/histoire4-1-300x115.jpg 300w\" sizes=\"(max-width: 866px) 100vw, 866px\" \/><\/p>\n","protected":false},"excerpt":{"rendered":"<p>Malgat vous propose de d\u00e9couvrir un large choix de bijoux et de montres dans son magasin. Un bijou, une montre , c\u2019est un coup de c\u0153ur,c\u2019est l\u2019expression d\u2019une \u00e9motion, un signe pr\u00e9cieux qui souligne un moment hors du commun, Pour bien choisir, il vous faut un professionnel , un vrai bijoutier , avec sa passion &hellip; <a href=\"https:\/\/joailliersorfevres.fr\/malgat\/notre-histoire\/\" class=\"more-link\">Continuer la lecture de <span class=\"screen-reader-text\">Notre histoire<\/span> <span class=\"meta-nav\">&rarr;<\/span><\/a><\/p>\n","protected":false},"author":1,"featured_media":0,"parent":0,"menu_order":0,"comment_status":"closed","ping_status":"closed","template":"","meta":{"footnotes":""},"_links":{"self":[{"href":"https:\/\/joailliersorfevres.fr\/malgat\/wp-json\/wp\/v2\/pages\/9"}],"collection":[{"href":"https:\/\/joailliersorfevres.fr\/malgat\/wp-json\/wp\/v2\/pages"}],"about":[{"href":"https:\/\/joailliersorfevres.fr\/malgat\/wp-json\/wp\/v2\/types\/page"}],"author":[{"embeddable":true,"href":"https:\/\/joailliersorfevres.fr\/malgat\/wp-json\/wp\/v2\/users\/1"}],"replies":[{"embeddable":true,"href":"https:\/\/joailliersorfevres.fr\/malgat\/wp-json\/wp\/v2\/comments?post=9"}],"version-history":[{"count":74,"href":"https:\/\/joailliersorfevres.fr\/malgat\/wp-json\/wp\/v2\/pages\/9\/revisions"}],"predecessor-version":[{"id":1187,"href":"https:\/\/joailliersorfevres.fr\/malgat\/wp-json\/wp\/v2\/pages\/9\/revisions\/1187"}],"wp:attachment":[{"href":"https:\/\/joailliersorfevres.fr\/malgat\/wp-json\/wp\/v2\/media?parent=9"}],"curies":[{"name":"wp","href":"https:\/\/api.w.org\/{rel}","templated":true}]}}