{"id":11,"date":"2016-01-22T11:42:03","date_gmt":"2016-01-22T10:42:03","guid":{"rendered":"http:\/\/joailliersorfevres.fr\/v2\/christian-miche\/?page_id=11"},"modified":"2016-09-23T16:20:15","modified_gmt":"2016-09-23T15:20:15","slug":"nos-engagements","status":"publish","type":"page","link":"https:\/\/joailliersorfevres.fr\/malgat\/nos-engagements\/","title":{"rendered":"Nos services"},"content":{"rendered":"<ul>\n<li>\n<h3>Moyens de paiement<\/h3>\n<ul>\n<li><strong>R\u00e8glements en carte bancaire, en esp\u00e8ce, virement ou PayPal.<br \/>\n<img loading=\"lazy\" decoding=\"async\" class=\"wp-image-827 size-full alignleft\" src=\"http:\/\/joailliersorfevres.fr\/jean-frimat\/wp-content\/uploads\/sites\/11\/attention-1.jpg\" width=\"27\" height=\"29\" \/>\u00a0\u00a0<\/strong>Nous n&rsquo;acceptons plus les ch\u00e8ques bancaires.<\/li>\n<\/ul>\n<\/li>\n<li>\n<h3>Ajustage de votre bague<\/h3>\n<ul>\n<li><strong>L&rsquo;ajustage gracieux de votre bague NEUVE vous est offert.<\/strong><br \/>\nDans les quinze jours suivant l\u2019achat.<\/li>\n<\/ul>\n<\/li>\n<li>\n<h3>Echange des articles neufs<\/h3>\n<ul>\n<li><strong>L&rsquo;\u00e9change des articles NEUFS (non port\u00e9s et remis dans leur bo\u00eete d&rsquo;origine avec leur certificat d&rsquo;authenticit\u00e9) dans les quinze jours.<\/strong><br \/>\nSauf produits remis\u00e9s et boucles d&rsquo;oreilles \/ piercings.<\/li>\n<\/ul>\n<\/li>\n<li>\n<h3>Per\u00e7age d&rsquo;oreilles<\/h3>\n<ul>\n<li><strong>Le per\u00e7age d&rsquo;oreilles \u00e0 partir d&rsquo;un an apr\u00e8s contr\u00f4le pr\u00e9alable du lobe d&rsquo;oreille.<\/strong><br \/>\nSyst\u00e8me \u00e0 usage unique 100% s\u00fbr et st\u00e9rile.<\/li>\n<\/ul>\n<\/li>\n<li>\n<h3>Per\u00e7age du nez<\/h3>\n<\/li>\n<li>\n<h3>Rachat d&rsquo;or<\/h3>\n<\/li>\n<li>\n<h3>Fabrication et transformation<\/h3>\n<ul>\n<li><strong>La fabrication et transformation de vos bijoux.<\/strong><\/li>\n<\/ul>\n<\/li>\n<li>\n<h3>R\u00e9parations<\/h3>\n<ul>\n<li><strong>R\u00e9parations de vos bijoux, montres, horloges anciennes.<\/strong><\/li>\n<\/ul>\n<\/li>\n<li>\n<h3>Nettoyage<\/h3>\n<ul>\n<li><strong>Le nettoyage de vos bijoux est gratuit.<\/strong><\/li>\n<\/ul>\n<\/li>\n<\/ul>\n","protected":false},"excerpt":{"rendered":"<p>Moyens de paiement R\u00e8glements en carte bancaire, en esp\u00e8ce, virement ou PayPal. \u00a0\u00a0Nous n&rsquo;acceptons plus les ch\u00e8ques bancaires. Ajustage de votre bague L&rsquo;ajustage gracieux de votre bague NEUVE vous est offert. Dans les quinze jours suivant l\u2019achat. Echange des articles neufs L&rsquo;\u00e9change des articles NEUFS (non port\u00e9s et remis dans leur bo\u00eete d&rsquo;origine avec leur &hellip; <a href=\"https:\/\/joailliersorfevres.fr\/malgat\/nos-engagements\/\" class=\"more-link\">Continuer la lecture de <span class=\"screen-reader-text\">Nos services<\/span> <span class=\"meta-nav\">&rarr;<\/span><\/a><\/p>\n","protected":false},"author":1,"featured_media":0,"parent":0,"menu_order":0,"comment_status":"closed","ping_status":"closed","template":"","meta":{"footnotes":""},"_links":{"self":[{"href":"https:\/\/joailliersorfevres.fr\/malgat\/wp-json\/wp\/v2\/pages\/11"}],"collection":[{"href":"https:\/\/joailliersorfevres.fr\/malgat\/wp-json\/wp\/v2\/pages"}],"about":[{"href":"https:\/\/joailliersorfevres.fr\/malgat\/wp-json\/wp\/v2\/types\/page"}],"author":[{"embeddable":true,"href":"https:\/\/joailliersorfevres.fr\/malgat\/wp-json\/wp\/v2\/users\/1"}],"replies":[{"embeddable":true,"href":"https:\/\/joailliersorfevres.fr\/malgat\/wp-json\/wp\/v2\/comments?post=11"}],"version-history":[{"count":46,"href":"https:\/\/joailliersorfevres.fr\/malgat\/wp-json\/wp\/v2\/pages\/11\/revisions"}],"predecessor-version":[{"id":1153,"href":"https:\/\/joailliersorfevres.fr\/malgat\/wp-json\/wp\/v2\/pages\/11\/revisions\/1153"}],"wp:attachment":[{"href":"https:\/\/joailliersorfevres.fr\/malgat\/wp-json\/wp\/v2\/media?parent=11"}],"curies":[{"name":"wp","href":"https:\/\/api.w.org\/{rel}","templated":true}]}}