{"id":9,"date":"2016-01-22T11:41:17","date_gmt":"2016-01-22T10:41:17","guid":{"rendered":"http:\/\/joailliersorfevres.fr\/v2\/christian-miche\/?page_id=9"},"modified":"2016-09-20T15:30:39","modified_gmt":"2016-09-20T14:30:39","slug":"notre-histoire","status":"publish","type":"page","link":"https:\/\/joailliersorfevres.fr\/jean-frimat\/notre-histoire\/","title":{"rendered":"Notre histoire"},"content":{"rendered":"<blockquote><p>Jean Frimat vous propose de d\u00e9couvrir un large choix de bijoux et de montres dans ses 2 magasins.<\/p><\/blockquote>\n<table style=\"width: 890px;\">\n<tbody>\n<tr>\n<td style=\"vertical-align: top;\"><\/td>\n<td style=\"text-align: left; vertical-align: top;\"><span style=\"font-size: 16px; line-height: 24px;\">Maison fond\u00e9e en 1961 par Jean Frimat, la bijouterie Frimat est aujourd&rsquo;hui dirig\u00e9e par son fils Fr\u00e9d\u00e9ric Frimat. La bijouterie Frimat vous propose une gamme de bijoux et montres haut de gamme avec les marques Mauboussin, Arthus Bertrand, Baccarat, Burberry, Michel Herbelin, Seiko &#8230;<\/span><\/td>\n<\/tr>\n<tr>\n<td><\/td>\n<td style=\"text-align: left; vertical-align: top;\"><span style=\"font-size: 16px; line-height: 24px;\">Edouard Frimat, 6\u00e8me g\u00e9n\u00e9ration de bijoutier, se pr\u00e9pare \u00e0 reprendre le flambeau avec une deuxi\u00e8me boutique cr\u00e9e en 1998 : \u00ab\u00a0Jean Frimat Montres &amp; Bijoux\u00a0\u00bb o\u00f9 vous trouverez toutes les marques tendances : Pandora, Ice Watch, M. Kors, Fossil, Diesel \u2026<br \/>\nJean Frimat, une entreprise familiale garante d&rsquo;un grand choix de montres et de bijoux et d&rsquo;un service de qualit\u00e9 \u00e0 Beauvais.<\/span><\/td>\n<\/tr>\n<\/tbody>\n<\/table>\n<p><img loading=\"lazy\" decoding=\"async\" class=\"wp-image-761 size-full aligncenter\" src=\"http:\/\/joailliersorfevres.fr\/jean-frimat\/wp-content\/uploads\/sites\/11\/histoire4-1.jpg\" alt=\"histoire4\" width=\"866\" height=\"332\" srcset=\"https:\/\/joailliersorfevres.fr\/jean-frimat\/wp-content\/uploads\/sites\/11\/histoire4-1.jpg 866w, https:\/\/joailliersorfevres.fr\/jean-frimat\/wp-content\/uploads\/sites\/11\/histoire4-1-300x115.jpg 300w\" sizes=\"(max-width: 866px) 100vw, 866px\" \/><\/p>\n","protected":false},"excerpt":{"rendered":"<p>Jean Frimat vous propose de d\u00e9couvrir un large choix de bijoux et de montres dans ses 2 magasins. Maison fond\u00e9e en 1961 par Jean Frimat, la bijouterie Frimat est aujourd&rsquo;hui dirig\u00e9e par son fils Fr\u00e9d\u00e9ric Frimat. La bijouterie Frimat vous propose une gamme de bijoux et montres haut de gamme avec les marques Mauboussin, Arthus &hellip; <a href=\"https:\/\/joailliersorfevres.fr\/jean-frimat\/notre-histoire\/\" class=\"more-link\">Continuer la lecture de <span class=\"screen-reader-text\">Notre histoire<\/span> <span class=\"meta-nav\">&rarr;<\/span><\/a><\/p>\n","protected":false},"author":1,"featured_media":0,"parent":0,"menu_order":0,"comment_status":"closed","ping_status":"closed","template":"","meta":{"footnotes":""},"_links":{"self":[{"href":"https:\/\/joailliersorfevres.fr\/jean-frimat\/wp-json\/wp\/v2\/pages\/9"}],"collection":[{"href":"https:\/\/joailliersorfevres.fr\/jean-frimat\/wp-json\/wp\/v2\/pages"}],"about":[{"href":"https:\/\/joailliersorfevres.fr\/jean-frimat\/wp-json\/wp\/v2\/types\/page"}],"author":[{"embeddable":true,"href":"https:\/\/joailliersorfevres.fr\/jean-frimat\/wp-json\/wp\/v2\/users\/1"}],"replies":[{"embeddable":true,"href":"https:\/\/joailliersorfevres.fr\/jean-frimat\/wp-json\/wp\/v2\/comments?post=9"}],"version-history":[{"count":36,"href":"https:\/\/joailliersorfevres.fr\/jean-frimat\/wp-json\/wp\/v2\/pages\/9\/revisions"}],"predecessor-version":[{"id":1078,"href":"https:\/\/joailliersorfevres.fr\/jean-frimat\/wp-json\/wp\/v2\/pages\/9\/revisions\/1078"}],"wp:attachment":[{"href":"https:\/\/joailliersorfevres.fr\/jean-frimat\/wp-json\/wp\/v2\/media?parent=9"}],"curies":[{"name":"wp","href":"https:\/\/api.w.org\/{rel}","templated":true}]}}