{"id":521,"date":"2016-03-18T14:22:54","date_gmt":"2016-03-18T13:22:54","guid":{"rendered":"http:\/\/joailliersorfevres.fr\/v2\/christian-miche\/?page_id=521"},"modified":"2016-09-22T11:17:55","modified_gmt":"2016-09-22T10:17:55","slug":"nos-bijouteries","status":"publish","type":"page","link":"https:\/\/joailliersorfevres.fr\/jean-frimat\/nos-bijouteries\/","title":{"rendered":"Nos bijouteries"},"content":{"rendered":"<p style=\"text-align: left;\"><p class=\"error\">Basic Google Maps Placemarks erreur : les fichiers JavaScript et\/ou CSS n'ont pas pu \u00eatre chargez. SI vous utilisez la fonction do_shortcode(), vous devez ajouter un filtre \u00e0 votre th\u00e8me. <a href=\"http:\/\/wordpress.org\/extend\/plugins\/basic-google-maps-placemarks\/faq\/\">the FAQ<\/a>Plus de d\u00e9tails.<\/p><\/p>\n<hr \/>\n<p>&nbsp;<\/p>\n<h3>Jean Frimat<\/h3>\n<p><a href=\"http:\/\/joailliersorfevres.fr\/jean-frimat\/contact\/\">Envoyer un message<\/a><\/p>\n<p>&nbsp;<\/p>\n<ul>\n<li><strong>Jean Frimat Joaillier<\/strong><br \/>\n16-18 rue de la taillerie<br \/>\n60000 Beauvais<\/p>\n<p class=\"tel\"><strong>03 44 45 09 46<\/strong><\/p>\n<h5>Horaires<\/h5>\n<p><span style=\"color: #0ba200;\">Ouvert<\/span><br \/>\n<strong>&#8211; Du mardi au samedi<\/strong> de 9h30 \u00e0 12h30 et de 14h00 \u00e0 19h00<\/li>\n<li><strong>Jean Frimat &#8211; Montres &amp; Bijoux<\/strong><br \/>\n22 bis rue Carnot<br \/>\n60000 Beauvais<\/p>\n<p class=\"tel\"><strong>03 44 15 31 90<\/strong><\/p>\n<h5>Horaires<\/h5>\n<p><span style=\"color: #0ba200;\">Ouvert<\/span><br \/>\n<strong>&#8211; Du mardi au samedi<\/strong> de 10h00 \u00e0 13h00 et de 14h00 \u00e0 19h00<\/li>\n<\/ul>\n<hr \/>\n","protected":false},"excerpt":{"rendered":"<p>&nbsp; Jean Frimat Envoyer un message &nbsp; Jean Frimat Joaillier 16-18 rue de la taillerie 60000 Beauvais 03 44 45 09 46 Horaires Ouvert &#8211; Du mardi au samedi de 9h30 \u00e0 12h30 et de 14h00 \u00e0 19h00 Jean Frimat &#8211; Montres &amp; Bijoux 22 bis rue Carnot 60000 Beauvais 03 44 15 31 90 &hellip; <a href=\"https:\/\/joailliersorfevres.fr\/jean-frimat\/nos-bijouteries\/\" class=\"more-link\">Continuer la lecture de <span class=\"screen-reader-text\">Nos bijouteries<\/span> <span class=\"meta-nav\">&rarr;<\/span><\/a><\/p>\n","protected":false},"author":1,"featured_media":0,"parent":0,"menu_order":0,"comment_status":"closed","ping_status":"closed","template":"","meta":{"footnotes":""},"_links":{"self":[{"href":"https:\/\/joailliersorfevres.fr\/jean-frimat\/wp-json\/wp\/v2\/pages\/521"}],"collection":[{"href":"https:\/\/joailliersorfevres.fr\/jean-frimat\/wp-json\/wp\/v2\/pages"}],"about":[{"href":"https:\/\/joailliersorfevres.fr\/jean-frimat\/wp-json\/wp\/v2\/types\/page"}],"author":[{"embeddable":true,"href":"https:\/\/joailliersorfevres.fr\/jean-frimat\/wp-json\/wp\/v2\/users\/1"}],"replies":[{"embeddable":true,"href":"https:\/\/joailliersorfevres.fr\/jean-frimat\/wp-json\/wp\/v2\/comments?post=521"}],"version-history":[{"count":77,"href":"https:\/\/joailliersorfevres.fr\/jean-frimat\/wp-json\/wp\/v2\/pages\/521\/revisions"}],"predecessor-version":[{"id":1095,"href":"https:\/\/joailliersorfevres.fr\/jean-frimat\/wp-json\/wp\/v2\/pages\/521\/revisions\/1095"}],"wp:attachment":[{"href":"https:\/\/joailliersorfevres.fr\/jean-frimat\/wp-json\/wp\/v2\/media?parent=521"}],"curies":[{"name":"wp","href":"https:\/\/api.w.org\/{rel}","templated":true}]}}