{"id":9,"date":"2016-01-22T11:41:17","date_gmt":"2016-01-22T10:41:17","guid":{"rendered":"http:\/\/joailliersorfevres.fr\/v2\/christian-miche\/?page_id=9"},"modified":"2016-09-19T11:21:15","modified_gmt":"2016-09-19T10:21:15","slug":"notre-histoire","status":"publish","type":"page","link":"https:\/\/joailliersorfevres.fr\/christian-miche\/notre-histoire\/","title":{"rendered":"Notre histoire"},"content":{"rendered":"<blockquote><p>Christian Miche vous propose de d\u00e9couvrir un large choix de bijoux et de montres dans ses 4 magasins.<\/p><\/blockquote>\n<table style=\"width: 890px;\">\n<tbody>\n<tr>\n<td style=\"vertical-align: top;\"><span style=\"font-size: 16px; line-height: 24px;\"><img loading=\"lazy\" decoding=\"async\" class=\"alignleft wp-image-757 size-medium\" src=\"http:\/\/joailliersorfevres.fr\/christian-miche-2\/wp-content\/uploads\/sites\/9\/histoire1-1-300x209.jpg\" alt=\"histoire1\" width=\"300\" height=\"209\" srcset=\"https:\/\/joailliersorfevres.fr\/christian-miche\/wp-content\/uploads\/sites\/9\/histoire1-1-300x209.jpg 300w, https:\/\/joailliersorfevres.fr\/christian-miche\/wp-content\/uploads\/sites\/9\/histoire1-1.jpg 311w\" sizes=\"(max-width: 300px) 100vw, 300px\" \/><\/span><\/td>\n<td style=\"text-align: left; vertical-align: top;\"><span style=\"font-size: 16px; line-height: 24px;\">C\u2019est en 1979 que Martine &amp; Christian Miche ont ouvert leur premi\u00e8re bijouterie \u00e0 Cambrai, au c\u0153ur du centre-ville sous l\u2019enseigne <strong>\u00ab Christian Miche Bijoux et Montres \u00bb<\/strong>.<\/span><\/td>\n<\/tr>\n<tr>\n<td><span style=\"font-size: 16px; line-height: 24px;\"><img loading=\"lazy\" decoding=\"async\" class=\"alignleft wp-image-758 size-medium\" src=\"http:\/\/joailliersorfevres.fr\/christian-miche-2\/wp-content\/uploads\/sites\/9\/histoire2-1-300x210.jpg\" alt=\"histoire2\" width=\"300\" height=\"210\" srcset=\"https:\/\/joailliersorfevres.fr\/christian-miche\/wp-content\/uploads\/sites\/9\/histoire2-1-300x210.jpg 300w, https:\/\/joailliersorfevres.fr\/christian-miche\/wp-content\/uploads\/sites\/9\/histoire2-1.jpg 320w\" sizes=\"(max-width: 300px) 100vw, 300px\" \/><\/span><\/td>\n<td style=\"text-align: left; vertical-align: top;\"><span style=\"font-size: 16px; line-height: 24px;\">Martine &amp; Christian Miche ont ouvert un magasin sp\u00e9cialis\u00e9 dans les montres, en face de la bijouterie sur la place principale de Cambrai, avec comme enseigne \u00ab <strong>Christian Miche : Les Montres<\/strong> \u00bb.<\/span><\/td>\n<\/tr>\n<\/tbody>\n<\/table>\n<table style=\"width: 890px;\">\n<tbody>\n<tr>\n<td><img loading=\"lazy\" decoding=\"async\" class=\"alignleft wp-image-759 size-full\" src=\"http:\/\/joailliersorfevres.fr\/christian-miche-2\/wp-content\/uploads\/sites\/9\/histoire3-1.jpg\" alt=\"histoire3\" width=\"239\" height=\"179\" \/><\/td>\n<td><img loading=\"lazy\" decoding=\"async\" class=\"size-full wp-image-760 alignleft\" src=\"http:\/\/joailliersorfevres.fr\/christian-miche-2\/wp-content\/uploads\/sites\/9\/histoire3bis.jpg\" alt=\"histoire3bis\" width=\"239\" height=\"179\" \/><\/td>\n<td style=\"vertical-align: top;\">Nos magasins sont \u00e9galement pr\u00e9sents en galerie marchande des centres commerciaux Auchan et Cora.<\/td>\n<\/tr>\n<\/tbody>\n<\/table>\n<p><img loading=\"lazy\" decoding=\"async\" class=\"wp-image-761 size-full aligncenter\" src=\"http:\/\/joailliersorfevres.fr\/christian-miche-2\/wp-content\/uploads\/sites\/9\/histoire4-1.jpg\" alt=\"histoire4\" width=\"866\" height=\"332\" srcset=\"https:\/\/joailliersorfevres.fr\/christian-miche\/wp-content\/uploads\/sites\/9\/histoire4-1.jpg 866w, https:\/\/joailliersorfevres.fr\/christian-miche\/wp-content\/uploads\/sites\/9\/histoire4-1-300x115.jpg 300w\" sizes=\"(max-width: 866px) 100vw, 866px\" \/><\/p>\n","protected":false},"excerpt":{"rendered":"<p>Christian Miche vous propose de d\u00e9couvrir un large choix de bijoux et de montres dans ses 4 magasins. C\u2019est en 1979 que Martine &amp; Christian Miche ont ouvert leur premi\u00e8re bijouterie \u00e0 Cambrai, au c\u0153ur du centre-ville sous l\u2019enseigne \u00ab Christian Miche Bijoux et Montres \u00bb. Martine &amp; Christian Miche ont ouvert un magasin sp\u00e9cialis\u00e9 &hellip; <a href=\"https:\/\/joailliersorfevres.fr\/christian-miche\/notre-histoire\/\" class=\"more-link\">Continuer la lecture de <span class=\"screen-reader-text\">Notre histoire<\/span> <span class=\"meta-nav\">&rarr;<\/span><\/a><\/p>\n","protected":false},"author":1,"featured_media":0,"parent":0,"menu_order":0,"comment_status":"closed","ping_status":"closed","template":"","meta":{"footnotes":""},"_links":{"self":[{"href":"https:\/\/joailliersorfevres.fr\/christian-miche\/wp-json\/wp\/v2\/pages\/9"}],"collection":[{"href":"https:\/\/joailliersorfevres.fr\/christian-miche\/wp-json\/wp\/v2\/pages"}],"about":[{"href":"https:\/\/joailliersorfevres.fr\/christian-miche\/wp-json\/wp\/v2\/types\/page"}],"author":[{"embeddable":true,"href":"https:\/\/joailliersorfevres.fr\/christian-miche\/wp-json\/wp\/v2\/users\/1"}],"replies":[{"embeddable":true,"href":"https:\/\/joailliersorfevres.fr\/christian-miche\/wp-json\/wp\/v2\/comments?post=9"}],"version-history":[{"count":31,"href":"https:\/\/joailliersorfevres.fr\/christian-miche\/wp-json\/wp\/v2\/pages\/9\/revisions"}],"predecessor-version":[{"id":356,"href":"https:\/\/joailliersorfevres.fr\/christian-miche\/wp-json\/wp\/v2\/pages\/9\/revisions\/356"}],"wp:attachment":[{"href":"https:\/\/joailliersorfevres.fr\/christian-miche\/wp-json\/wp\/v2\/media?parent=9"}],"curies":[{"name":"wp","href":"https:\/\/api.w.org\/{rel}","templated":true}]}}