{"id":521,"date":"2016-03-18T14:22:54","date_gmt":"2016-03-18T13:22:54","guid":{"rendered":"http:\/\/joailliersorfevres.fr\/v2\/christian-miche\/?page_id=521"},"modified":"2016-09-22T11:13:33","modified_gmt":"2016-09-22T10:13:33","slug":"nos-bijouteries","status":"publish","type":"page","link":"https:\/\/joailliersorfevres.fr\/christian-miche\/nos-bijouteries\/","title":{"rendered":"Nos bijouteries"},"content":{"rendered":"<p style=\"text-align: left;\"><p class=\"error\">Basic Google Maps Placemarks erreur : les fichiers JavaScript et\/ou CSS n'ont pas pu \u00eatre chargez. SI vous utilisez la fonction do_shortcode(), vous devez ajouter un filtre \u00e0 votre th\u00e8me. <a href=\"http:\/\/wordpress.org\/extend\/plugins\/basic-google-maps-placemarks\/faq\/\">the FAQ<\/a>Plus de d\u00e9tails.<\/p><\/p>\n<hr \/>\n<p>&nbsp;<\/p>\n<h3>Christian Miche<\/h3>\n<p><a href=\"http:\/\/joailliersorfevres.fr\/christian-miche-2\/contact\/\">Envoyer un message<\/a><\/p>\n<p>&nbsp;<\/p>\n<ul>\n<li><strong>Bijouterie Christian Miche<\/strong><br \/>\n9 place Aristide Briand<br \/>\n59400 CAMBRAI<img loading=\"lazy\" decoding=\"async\" class=\"alignnone size-full wp-image-813\" src=\"http:\/\/joailliersorfevres.fr\/christian-miche-2\/wp-content\/uploads\/sites\/9\/boutique1.jpg\" alt=\"boutique1\" width=\"232\" height=\"174\" \/><\/p>\n<p class=\"tel\"><strong>03 27 81 69 84<\/strong><\/p>\n<h5>Horaires<\/h5>\n<p><span style=\"color: #0ba200;\">Ouvert<\/span><br \/>\n<strong>&#8211; Le lundi<\/strong><br \/>\nde 14h00 \u00e0 19h00 (sauf juillet\/ao\u00fbt)<br \/>\n<strong>&#8211; Du mardi au samedi<\/strong><br \/>\nde 9h30 \u00e0 12h00 et de 14h00 \u00e0 19h00<\/p>\n<p><span style=\"color: #ff0000;\">Ferm\u00e9<\/span><br \/>\n<strong>Le dimanche<\/strong><\/li>\n<li><strong>Christian Miche &#8211; Les Montres<\/strong><br \/>\n44 place Aristide Briand<br \/>\n59400 CAMBRAI<img loading=\"lazy\" decoding=\"async\" class=\"alignnone size-full wp-image-814\" src=\"http:\/\/joailliersorfevres.fr\/christian-miche-2\/wp-content\/uploads\/sites\/9\/boutique2.jpg\" alt=\"boutique2\" width=\"228\" height=\"173\" \/><\/p>\n<p class=\"tel\"><strong>03 27 37 93 33<\/strong><\/p>\n<h5>Horaires<\/h5>\n<p><span style=\"color: #0ba200;\">Ouvert<\/span><br \/>\n<strong>&#8211; Le lundi<\/strong><br \/>\nde 14h00 \u00e0 19h00 (sauf juillet\/ao\u00fbt)<br \/>\n<strong>&#8211; Du mardi au samedi<\/strong><br \/>\nde 9h30 \u00e0 12h00 et de 14h00 \u00e0 19h00<\/p>\n<p><span style=\"color: #ff0000;\">Ferm\u00e9<\/span><br \/>\n<strong>Le dimanche<\/strong><\/li>\n<li><strong>Bijouterie Christian Miche<\/strong><br \/>\nCentre Commercial Auchan Cambrai<br \/>\n2 rue Jean Jaur\u00e8s<br \/>\n59161 ESCAUDOEUVRES<img loading=\"lazy\" decoding=\"async\" class=\"alignnone size-full wp-image-815\" src=\"http:\/\/joailliersorfevres.fr\/christian-miche-2\/wp-content\/uploads\/sites\/9\/boutique3.jpg\" alt=\"boutique3\" width=\"229\" height=\"173\" \/><\/p>\n<p class=\"tel\"><strong>03 27 37 55 24<\/strong><\/p>\n<h5>Horaires<\/h5>\n<p><span style=\"color: #0ba200;\">Ouvert<\/span><br \/>\n<strong>&#8211; Du\u00a0lundi au samedi<\/strong><br \/>\nde 9h30 \u00e0 20h00<\/p>\n<p><span style=\"color: #ff0000;\">Ferm\u00e9<\/span><br \/>\n<strong>Le dimanche<\/strong><\/li>\n<li><strong>Bijouterie Christian Miche<\/strong><br \/>\nGalerie marchande Cora<br \/>\n2 avenue Georges Nuttin<br \/>\n59400 CAMBRAI<img loading=\"lazy\" decoding=\"async\" class=\"alignnone size-full wp-image-816\" src=\"http:\/\/joailliersorfevres.fr\/christian-miche-2\/wp-content\/uploads\/sites\/9\/boutique4.jpg\" alt=\"boutique4\" width=\"229\" height=\"172\" \/><\/p>\n<p class=\"tel\"><strong>03 27 78 42 52<\/strong><\/p>\n<h5>Horaires<\/h5>\n<p><span style=\"color: #0ba200;\">Ouvert<\/span><br \/>\n<strong>&#8211; Du\u00a0lundi au samedi<\/strong><br \/>\nde 9h30 \u00e0 19h30<\/p>\n<p><span style=\"color: #ff0000;\">Ferm\u00e9<\/span><br \/>\n<strong>Le dimanche<\/strong><\/li>\n<\/ul>\n<hr \/>\n","protected":false},"excerpt":{"rendered":"<p>&nbsp; Christian Miche Envoyer un message &nbsp; Bijouterie Christian Miche 9 place Aristide Briand 59400 CAMBRAI 03 27 81 69 84 Horaires Ouvert &#8211; Le lundi de 14h00 \u00e0 19h00 (sauf juillet\/ao\u00fbt) &#8211; Du mardi au samedi de 9h30 \u00e0 12h00 et de 14h00 \u00e0 19h00 Ferm\u00e9 Le dimanche Christian Miche &#8211; Les Montres 44 &hellip; <a href=\"https:\/\/joailliersorfevres.fr\/christian-miche\/nos-bijouteries\/\" class=\"more-link\">Continuer la lecture de <span class=\"screen-reader-text\">Nos bijouteries<\/span> <span class=\"meta-nav\">&rarr;<\/span><\/a><\/p>\n","protected":false},"author":1,"featured_media":0,"parent":0,"menu_order":0,"comment_status":"closed","ping_status":"closed","template":"","meta":{"footnotes":""},"_links":{"self":[{"href":"https:\/\/joailliersorfevres.fr\/christian-miche\/wp-json\/wp\/v2\/pages\/521"}],"collection":[{"href":"https:\/\/joailliersorfevres.fr\/christian-miche\/wp-json\/wp\/v2\/pages"}],"about":[{"href":"https:\/\/joailliersorfevres.fr\/christian-miche\/wp-json\/wp\/v2\/types\/page"}],"author":[{"embeddable":true,"href":"https:\/\/joailliersorfevres.fr\/christian-miche\/wp-json\/wp\/v2\/users\/1"}],"replies":[{"embeddable":true,"href":"https:\/\/joailliersorfevres.fr\/christian-miche\/wp-json\/wp\/v2\/comments?post=521"}],"version-history":[{"count":82,"href":"https:\/\/joailliersorfevres.fr\/christian-miche\/wp-json\/wp\/v2\/pages\/521\/revisions"}],"predecessor-version":[{"id":1096,"href":"https:\/\/joailliersorfevres.fr\/christian-miche\/wp-json\/wp\/v2\/pages\/521\/revisions\/1096"}],"wp:attachment":[{"href":"https:\/\/joailliersorfevres.fr\/christian-miche\/wp-json\/wp\/v2\/media?parent=521"}],"curies":[{"name":"wp","href":"https:\/\/api.w.org\/{rel}","templated":true}]}}