{"id":11,"date":"2016-01-22T11:42:03","date_gmt":"2016-01-22T10:42:03","guid":{"rendered":"http:\/\/joailliersorfevres.fr\/v2\/christian-miche\/?page_id=11"},"modified":"2016-09-19T17:40:12","modified_gmt":"2016-09-19T16:40:12","slug":"nos-engagements","status":"publish","type":"page","link":"https:\/\/joailliersorfevres.fr\/christian-miche\/nos-engagements\/","title":{"rendered":"Nos services"},"content":{"rendered":"<ul>\n<li>\n<h3>Paiement en 4 fois sans frais<\/h3>\n<ul>\n<li><strong>C&rsquo;est facile et GRATUIT pour vous : profitez-en !<\/strong><\/li>\n<\/ul>\n<\/li>\n<li>\n<h3>Moyens de paiement<\/h3>\n<ul>\n<li><strong>R\u00e8glements en carte bancaire, en esp\u00e8ce ou en virement.<br \/>\n<img loading=\"lazy\" decoding=\"async\" class=\"wp-image-827 size-full alignleft\" src=\"http:\/\/joailliersorfevres.fr\/christian-miche-2\/wp-content\/uploads\/sites\/9\/attention-1.jpg\" width=\"27\" height=\"29\" \/>\u00a0\u00a0<\/strong>Nous n&rsquo;acceptons plus les ch\u00e8ques bancaires.<\/li>\n<\/ul>\n<\/li>\n<li>\n<h3>Echange des articles neufs<\/h3>\n<ul>\n<li><strong>L&rsquo;\u00e9change des articles NEUFS (non port\u00e9s et remis dans leur bo\u00eete d&rsquo;origine avec leur certificat d&rsquo;authenticit\u00e9) dans les quinze jours.<\/strong><br \/>\nSauf produits remis\u00e9s et boucles d&rsquo;oreilles \/ piercings.<\/li>\n<\/ul>\n<\/li>\n<li>\n<h3>Per\u00e7age d&rsquo;oreilles<\/h3>\n<ul>\n<li><strong>Le per\u00e7age d&rsquo;oreilles \u00e0 partir d&rsquo;un an apr\u00e8s contr\u00f4le pr\u00e9alable du lobe d&rsquo;oreille.<\/strong><br \/>\nSyst\u00e8me \u00e0 usage unique 100% s\u00fbr et st\u00e9rile.<\/li>\n<\/ul>\n<\/li>\n<li>\n<h3>Certificat<\/h3>\n<ul>\n<li><strong>Tous les bijoux sont accompagn\u00e9s d&rsquo;un certificat d&rsquo;authenticit\u00e9<\/strong><\/li>\n<\/ul>\n<\/li>\n<li>\n<h3>Garanties<\/h3>\n<ul>\n<li><strong>Tous les mouvements de montres sont garantis 2 ans minimum suivant les conditions d&rsquo;utilisation.<\/strong><\/li>\n<\/ul>\n<\/li>\n<li>\n<h3>Peluche en cadeau<\/h3>\n<ul>\n<li><strong>1 peluche offerte pour tout achat \u00e0 partir de 79 euros d&rsquo;un bijou dans la collection b\u00e9b\u00e9<\/strong><\/li>\n<\/ul>\n<\/li>\n<li>\n<h3>Offrez des bons d&rsquo;achat<\/h3>\n<ul>\n<li><strong>Offrez le plus beau des cadeaux :<\/strong><br \/>\nLa libert\u00e9 de choisir :<br \/>\n30 \u20ac, 50 \u20ac, 75 \u20ac et\u00a0100 \u20ac, c&rsquo;est cadeau<\/li>\n<\/ul>\n<\/li>\n<\/ul>\n","protected":false},"excerpt":{"rendered":"<p>Paiement en 4 fois sans frais C&rsquo;est facile et GRATUIT pour vous : profitez-en ! Moyens de paiement R\u00e8glements en carte bancaire, en esp\u00e8ce ou en virement. \u00a0\u00a0Nous n&rsquo;acceptons plus les ch\u00e8ques bancaires. Echange des articles neufs L&rsquo;\u00e9change des articles NEUFS (non port\u00e9s et remis dans leur bo\u00eete d&rsquo;origine avec leur certificat d&rsquo;authenticit\u00e9) dans les &hellip; <a href=\"https:\/\/joailliersorfevres.fr\/christian-miche\/nos-engagements\/\" class=\"more-link\">Continuer la lecture de <span class=\"screen-reader-text\">Nos services<\/span> <span class=\"meta-nav\">&rarr;<\/span><\/a><\/p>\n","protected":false},"author":1,"featured_media":0,"parent":0,"menu_order":0,"comment_status":"closed","ping_status":"closed","template":"","meta":{"footnotes":""},"_links":{"self":[{"href":"https:\/\/joailliersorfevres.fr\/christian-miche\/wp-json\/wp\/v2\/pages\/11"}],"collection":[{"href":"https:\/\/joailliersorfevres.fr\/christian-miche\/wp-json\/wp\/v2\/pages"}],"about":[{"href":"https:\/\/joailliersorfevres.fr\/christian-miche\/wp-json\/wp\/v2\/types\/page"}],"author":[{"embeddable":true,"href":"https:\/\/joailliersorfevres.fr\/christian-miche\/wp-json\/wp\/v2\/users\/1"}],"replies":[{"embeddable":true,"href":"https:\/\/joailliersorfevres.fr\/christian-miche\/wp-json\/wp\/v2\/comments?post=11"}],"version-history":[{"count":37,"href":"https:\/\/joailliersorfevres.fr\/christian-miche\/wp-json\/wp\/v2\/pages\/11\/revisions"}],"predecessor-version":[{"id":1083,"href":"https:\/\/joailliersorfevres.fr\/christian-miche\/wp-json\/wp\/v2\/pages\/11\/revisions\/1083"}],"wp:attachment":[{"href":"https:\/\/joailliersorfevres.fr\/christian-miche\/wp-json\/wp\/v2\/media?parent=11"}],"curies":[{"name":"wp","href":"https:\/\/api.w.org\/{rel}","templated":true}]}}