{"id":9,"date":"2016-01-22T11:41:17","date_gmt":"2016-01-22T10:41:17","guid":{"rendered":"http:\/\/joailliersorfevres.fr\/v2\/christian-miche\/?page_id=9"},"modified":"2016-10-14T17:21:16","modified_gmt":"2016-10-14T16:21:16","slug":"notre-histoire","status":"publish","type":"page","link":"https:\/\/joailliersorfevres.fr\/benoit-stoven\/notre-histoire\/","title":{"rendered":"Notre histoire"},"content":{"rendered":"<blockquote><p>Benoit Stoven vous propose de d\u00e9couvrir un large choix de bijoux et de montres dans ses 3 magasins.<\/p><\/blockquote>\n<table style=\"width: 890px;\">\n<tbody>\n<tr>\n<td style=\"vertical-align: top; width: 210.983px;\"><span style=\"font-size: 16px; line-height: 24px;\"><img loading=\"lazy\" decoding=\"async\" class=\"alignnone wp-image-970 size-medium\" src=\"http:\/\/joailliersorfevres.fr\/benoit-stoven\/wp-content\/uploads\/sites\/10\/BoutiqueStoven-300x225.jpg\" width=\"300\" height=\"225\" \/><\/span><\/td>\n<td style=\"text-align: left; vertical-align: top; width: 643.017px;\"><span style=\"font-size: 16px; line-height: 24px;\"><strong>Horloger Bijoutier depuis 1951 sur la r\u00e9gion audomaroise, notre magasin vous fera d\u00e9couvrir 3 univers, les Montres, les Bijoux Modes et Tendances.\u00a0<\/strong><br \/>\nAgent officiel de plus de 40 marques,savoir vendre mais aussi r\u00e9parer : nous disposons d&rsquo;un atelier interne pour toutes vos r\u00e9parations. Tourn\u00e9 vers le choix et les services, nous vous offrons cartes de fid\u00e9lit\u00e9, ch\u00e8ques anniversaires, cartes cadeaux, paiement en 4 fois sans frais et une tr\u00e8s belle op\u00e9ration mariage !<\/span><\/td>\n<\/tr>\n<tr>\n<td style=\"width: 210.983px;\"><span style=\"font-size: 16px; line-height: 24px;\"><img loading=\"lazy\" decoding=\"async\" class=\"alignnone wp-image-971 size-medium\" src=\"http:\/\/joailliersorfevres.fr\/benoit-stoven\/wp-content\/uploads\/sites\/10\/BoutiqueStoven_02-300x153.jpg\" width=\"300\" height=\"153\" \/><\/span><\/td>\n<td style=\"text-align: left; vertical-align: top; width: 643.017px;\"><\/td>\n<\/tr>\n<\/tbody>\n<\/table>\n<p><img loading=\"lazy\" decoding=\"async\" class=\"wp-image-761 size-full aligncenter\" src=\"http:\/\/joailliersorfevres.fr\/benoit-stoven\/wp-content\/uploads\/sites\/5\/histoire4-1.jpg\" alt=\"histoire4\" width=\"866\" height=\"332\" srcset=\"https:\/\/joailliersorfevres.fr\/benoit-stoven\/wp-content\/uploads\/sites\/10\/histoire4-1.jpg 866w, https:\/\/joailliersorfevres.fr\/benoit-stoven\/wp-content\/uploads\/sites\/10\/histoire4-1-300x115.jpg 300w\" sizes=\"(max-width: 866px) 100vw, 866px\" \/><\/p>\n","protected":false},"excerpt":{"rendered":"<p>Benoit Stoven vous propose de d\u00e9couvrir un large choix de bijoux et de montres dans ses 3 magasins. Horloger Bijoutier depuis 1951 sur la r\u00e9gion audomaroise, notre magasin vous fera d\u00e9couvrir 3 univers, les Montres, les Bijoux Modes et Tendances.\u00a0 Agent officiel de plus de 40 marques,savoir vendre mais aussi r\u00e9parer : nous disposons d&rsquo;un &hellip; <a href=\"https:\/\/joailliersorfevres.fr\/benoit-stoven\/notre-histoire\/\" class=\"more-link\">Continuer la lecture de <span class=\"screen-reader-text\">Notre histoire<\/span> <span class=\"meta-nav\">&rarr;<\/span><\/a><\/p>\n","protected":false},"author":1,"featured_media":0,"parent":0,"menu_order":0,"comment_status":"closed","ping_status":"closed","template":"","meta":{"footnotes":""},"_links":{"self":[{"href":"https:\/\/joailliersorfevres.fr\/benoit-stoven\/wp-json\/wp\/v2\/pages\/9"}],"collection":[{"href":"https:\/\/joailliersorfevres.fr\/benoit-stoven\/wp-json\/wp\/v2\/pages"}],"about":[{"href":"https:\/\/joailliersorfevres.fr\/benoit-stoven\/wp-json\/wp\/v2\/types\/page"}],"author":[{"embeddable":true,"href":"https:\/\/joailliersorfevres.fr\/benoit-stoven\/wp-json\/wp\/v2\/users\/1"}],"replies":[{"embeddable":true,"href":"https:\/\/joailliersorfevres.fr\/benoit-stoven\/wp-json\/wp\/v2\/comments?post=9"}],"version-history":[{"count":34,"href":"https:\/\/joailliersorfevres.fr\/benoit-stoven\/wp-json\/wp\/v2\/pages\/9\/revisions"}],"predecessor-version":[{"id":1130,"href":"https:\/\/joailliersorfevres.fr\/benoit-stoven\/wp-json\/wp\/v2\/pages\/9\/revisions\/1130"}],"wp:attachment":[{"href":"https:\/\/joailliersorfevres.fr\/benoit-stoven\/wp-json\/wp\/v2\/media?parent=9"}],"curies":[{"name":"wp","href":"https:\/\/api.w.org\/{rel}","templated":true}]}}