{"id":521,"date":"2016-03-18T14:22:54","date_gmt":"2016-03-18T13:22:54","guid":{"rendered":"http:\/\/joailliersorfevres.fr\/v2\/christian-miche\/?page_id=521"},"modified":"2019-04-09T10:27:20","modified_gmt":"2019-04-09T09:27:20","slug":"nos-bijouteries","status":"publish","type":"page","link":"https:\/\/joailliersorfevres.fr\/benoit-stoven\/nos-bijouteries\/","title":{"rendered":"Nos bijouteries"},"content":{"rendered":"<p style=\"text-align: left;\"><p class=\"error\">Basic Google Maps Placemarks erreur : les fichiers JavaScript et\/ou CSS n'ont pas pu \u00eatre chargez. SI vous utilisez la fonction do_shortcode(), vous devez ajouter un filtre \u00e0 votre th\u00e8me. <a href=\"http:\/\/wordpress.org\/extend\/plugins\/basic-google-maps-placemarks\/faq\/\">the FAQ<\/a>Plus de d\u00e9tails.<\/p><\/p>\n<hr \/>\n<p>&nbsp;<\/p>\n<h3>Benoit Stoven<\/h3>\n<p><a href=\"http:\/\/joailliersorfevres.fr\/benoit-stoven\/contact\/\">Envoyer un message<\/a><\/p>\n<p>&nbsp;<\/p>\n<ul>\n<li><strong>Bijouterie Beno\u00eet STOVEN<\/strong><br \/>\nCentre Commercial Auchan<br \/>\nRives de l&rsquo;AA<br \/>\n62219 LONGUENESSE<\/p>\n<p style=\"height: 225px;\"><img loading=\"lazy\" decoding=\"async\" class=\"alignnone wp-image-971 \" src=\"http:\/\/joailliersorfevres.fr\/benoit-stoven\/wp-content\/uploads\/sites\/10\/BoutiqueStoven-300x225.jpg\" width=\"232\" height=\"118\" \/><\/p>\n<p class=\"tel\"><strong>03 21 38 08 56<\/strong><\/p>\n<h5>Horaires<\/h5>\n<p><span style=\"color: #0ba200;\">Ouvert<\/span><br \/>\n<strong>&#8211; Du lundi au samedi<\/strong> de 9h00 \u00e0 20h00<\/p>\n<p><span style=\"color: #ff0000;\">Ferm\u00e9<\/span><br \/>\nLe dimanche<\/li>\n<li><strong>Bijouterie Beno\u00eet STOVEN<\/strong><br \/>\nCentre Commercial Auchan<br \/>\n225 avenue Winston Churchill<br \/>\n62000 ARRAS<\/p>\n<p style=\"height: 225px;\"><img loading=\"lazy\" decoding=\"async\" class=\"alignnone wp-image-970 size-medium\" src=\"http:\/\/joailliersorfevres.fr\/benoit-stoven\/wp-content\/uploads\/sites\/10\/BoutiqueStoven_02-300x153.jpg\" width=\"232\" height=\"174\" \/><\/p>\n<p class=\"tel\"><strong>03 21 71 26 16<\/strong><\/p>\n<h5>Horaires<\/h5>\n<p><span style=\"color: #0ba200;\">Ouvert<\/span><br \/>\n<strong>&#8211; Du lundi au samedi<\/strong> de 9h00 \u00e0 20h00<\/p>\n<p><span style=\"color: #ff0000;\">Ferm\u00e9<\/span><br \/>\nLe dimanche<\/li>\n<li><strong>Bijouterie Beno\u00eet STOVEN<\/strong><br \/>\nCentre Commercial Auchan Les 2 Caps<br \/>\nAvenue Roger Salengro<br \/>\n62100 CALAIS<\/p>\n<p style=\"height: 225px;\"><img decoding=\"async\" class=\"alignnone size-medium wp-image-1132\" src=\"http:\/\/joailliersorfevres.fr\/benoit-stoven\/wp-content\/uploads\/sites\/10\/20161015_101348-300x225.jpg\" alt=\"20161015_101348\" width=\"232\" height=\"auto\" srcset=\"https:\/\/joailliersorfevres.fr\/benoit-stoven\/wp-content\/uploads\/sites\/10\/20161015_101348-300x225.jpg 300w, https:\/\/joailliersorfevres.fr\/benoit-stoven\/wp-content\/uploads\/sites\/10\/20161015_101348.jpg 1024w\" sizes=\"(max-width: 300px) 100vw, 300px\" \/><\/p>\n<p class=\"tel\"><strong>03 21 34 03 65<\/strong><\/p>\n<h5>Horaires<\/h5>\n<p><span style=\"color: #0ba200;\">Ouvert<\/span><br \/>\n<strong>&#8211; Du lundi au samedi<\/strong> de 9h30 \u00e0 19h30<\/p>\n<p><span style=\"color: #ff0000;\">Ferm\u00e9<\/span><br \/>\nLe dimanche<\/li>\n<li><strong>Bijouterie\u00a0Les Touquetoises By Stoven<\/strong>\n<div><span class=\"_2iem\">3 rue Saint Jean<\/span><\/div>\n<div>62520\u00a0LE TOUQUET-PARIS-PLAGE<\/div>\n<div><strong>\u00a0<img loading=\"lazy\" decoding=\"async\" class=\"alignnone size-full wp-image-1218\" src=\"http:\/\/joailliersorfevres.fr\/benoit-stoven\/wp-content\/uploads\/sites\/10\/les-touquetoises-by-stoven-1.jpg\" alt=\"les-touquetoises-by-stoven\" width=\"283\" height=\"210\" \/><\/strong><\/div>\n<p class=\"tel\"><strong>03 21 05 39 24<\/strong><\/p>\n<h5>Horaires<\/h5>\n<p><span style=\"color: #0ba200;\">Ouvert<\/span><br \/>\n<strong>&#8211; Tous les jours <\/strong>de\u00a010 h \u00e0 12h30 et de 14h30 \u00e0 19h00<br \/>\n&#8211; <strong>Non-stop Juillet et Ao\u00fbt\u00a0<\/strong>de 10 h\u00a0\u00e0 19h30<\/p>\n<p>&nbsp;<\/p>\n<p>&nbsp;<\/p>\n<p><span style=\"color: #ff0000;\">Ferm\u00e9<\/span><br \/>\nLe mardi<\/li>\n<\/ul>\n<hr \/>\n","protected":false},"excerpt":{"rendered":"<p>&nbsp; Benoit Stoven Envoyer un message &nbsp; Bijouterie Beno\u00eet STOVEN Centre Commercial Auchan Rives de l&rsquo;AA 62219 LONGUENESSE 03 21 38 08 56 Horaires Ouvert &#8211; Du lundi au samedi de 9h00 \u00e0 20h00 Ferm\u00e9 Le dimanche Bijouterie Beno\u00eet STOVEN Centre Commercial Auchan 225 avenue Winston Churchill 62000 ARRAS 03 21 71 26 16 Horaires &hellip; <a href=\"https:\/\/joailliersorfevres.fr\/benoit-stoven\/nos-bijouteries\/\" class=\"more-link\">Continuer la lecture de <span class=\"screen-reader-text\">Nos bijouteries<\/span> <span class=\"meta-nav\">&rarr;<\/span><\/a><\/p>\n","protected":false},"author":1,"featured_media":0,"parent":0,"menu_order":0,"comment_status":"closed","ping_status":"closed","template":"","meta":{"footnotes":""},"_links":{"self":[{"href":"https:\/\/joailliersorfevres.fr\/benoit-stoven\/wp-json\/wp\/v2\/pages\/521"}],"collection":[{"href":"https:\/\/joailliersorfevres.fr\/benoit-stoven\/wp-json\/wp\/v2\/pages"}],"about":[{"href":"https:\/\/joailliersorfevres.fr\/benoit-stoven\/wp-json\/wp\/v2\/types\/page"}],"author":[{"embeddable":true,"href":"https:\/\/joailliersorfevres.fr\/benoit-stoven\/wp-json\/wp\/v2\/users\/1"}],"replies":[{"embeddable":true,"href":"https:\/\/joailliersorfevres.fr\/benoit-stoven\/wp-json\/wp\/v2\/comments?post=521"}],"version-history":[{"count":100,"href":"https:\/\/joailliersorfevres.fr\/benoit-stoven\/wp-json\/wp\/v2\/pages\/521\/revisions"}],"predecessor-version":[{"id":1244,"href":"https:\/\/joailliersorfevres.fr\/benoit-stoven\/wp-json\/wp\/v2\/pages\/521\/revisions\/1244"}],"wp:attachment":[{"href":"https:\/\/joailliersorfevres.fr\/benoit-stoven\/wp-json\/wp\/v2\/media?parent=521"}],"curies":[{"name":"wp","href":"https:\/\/api.w.org\/{rel}","templated":true}]}}