{"id":9,"date":"2016-01-22T11:41:17","date_gmt":"2016-01-22T10:41:17","guid":{"rendered":"http:\/\/joailliersorfevres.fr\/v2\/christian-miche\/?page_id=9"},"modified":"2016-09-22T10:24:23","modified_gmt":"2016-09-22T09:24:23","slug":"notre-histoire","status":"publish","type":"page","link":"https:\/\/joailliersorfevres.fr\/actuor\/notre-histoire\/","title":{"rendered":"Notre histoire"},"content":{"rendered":"<blockquote><p>Actu&rsquo;or vous propose de d\u00e9couvrir un large choix de bijoux et de montres dans ses 2 magasins.<\/p><\/blockquote>\n<table style=\"width: 890px;\">\n<tbody>\n<tr>\n<td style=\"vertical-align: top;\"><span style=\"font-size: 16px; line-height: 24px;\"><img loading=\"lazy\" decoding=\"async\" class=\"alignnone wp-image-1096 size-medium\" src=\"http:\/\/joailliersorfevres.fr\/actuor\/wp-content\/uploads\/sites\/23\/actuor-pf-300x213.jpg\" width=\"300\" height=\"213\" srcset=\"https:\/\/joailliersorfevres.fr\/actuor\/wp-content\/uploads\/sites\/23\/actuor-pf-300x213.jpg 300w, https:\/\/joailliersorfevres.fr\/actuor\/wp-content\/uploads\/sites\/23\/actuor-pf.jpg 960w\" sizes=\"(max-width: 300px) 100vw, 300px\" \/><\/span><\/td>\n<td style=\"text-align: left; vertical-align: top;\"><span style=\"font-size: 16px; line-height: 24px;\">\u00a0\u00bb Bijouteries Actu&rsquo;or, le choix, les marques, les services, \u00e0 votre ecoute depuis + de 25 ans, une \u00e9quipe professionnelle et accueillante qui sait vous conseiller et vous servir.<\/span><\/td>\n<\/tr>\n<tr>\n<td><span style=\"font-size: 16px; line-height: 24px;\"><img loading=\"lazy\" decoding=\"async\" class=\"alignnone wp-image-1097 size-medium\" src=\"http:\/\/joailliersorfevres.fr\/actuor\/wp-content\/uploads\/sites\/23\/actuor-aulnoy-300x225.jpg\" width=\"300\" height=\"225\" srcset=\"https:\/\/joailliersorfevres.fr\/actuor\/wp-content\/uploads\/sites\/23\/actuor-aulnoy-300x225.jpg 300w, https:\/\/joailliersorfevres.fr\/actuor\/wp-content\/uploads\/sites\/23\/actuor-aulnoy-1024x768.jpg 1024w, https:\/\/joailliersorfevres.fr\/actuor\/wp-content\/uploads\/sites\/23\/actuor-aulnoy.jpg 2048w\" sizes=\"(max-width: 300px) 100vw, 300px\" \/><\/span><\/td>\n<td style=\"text-align: left; vertical-align: top;\"><span style=\"font-size: 16px; line-height: 24px;\">Pour tous vos moments importants de l&rsquo;ann\u00e9e ; mariage, bapt\u00eame, f\u00eate des m\u00e8res, no\u00ebl<\/span><\/td>\n<\/tr>\n<\/tbody>\n<\/table>\n<table style=\"width: 890px;\">\n<tbody>\n<tr>\n<td><\/td>\n<td><\/td>\n<td style=\"vertical-align: top;\">Du lundi au samedi de 9h30 \u00e0 20h<\/td>\n<\/tr>\n<\/tbody>\n<\/table>\n<p><img loading=\"lazy\" decoding=\"async\" class=\"wp-image-761 size-full aligncenter\" src=\"http:\/\/joailliersorfevres.fr\/actuor\/wp-content\/uploads\/sites\/23\/histoire4-1.jpg\" alt=\"histoire4\" width=\"866\" height=\"332\" srcset=\"https:\/\/joailliersorfevres.fr\/actuor\/wp-content\/uploads\/sites\/23\/histoire4-1.jpg 866w, https:\/\/joailliersorfevres.fr\/actuor\/wp-content\/uploads\/sites\/23\/histoire4-1-300x115.jpg 300w\" sizes=\"(max-width: 866px) 100vw, 866px\" \/><\/p>\n","protected":false},"excerpt":{"rendered":"<p>Actu&rsquo;or vous propose de d\u00e9couvrir un large choix de bijoux et de montres dans ses 2 magasins. \u00a0\u00bb Bijouteries Actu&rsquo;or, le choix, les marques, les services, \u00e0 votre ecoute depuis + de 25 ans, une \u00e9quipe professionnelle et accueillante qui sait vous conseiller et vous servir. Pour tous vos moments importants de l&rsquo;ann\u00e9e ; mariage, &hellip; <a href=\"https:\/\/joailliersorfevres.fr\/actuor\/notre-histoire\/\" class=\"more-link\">Continuer la lecture de <span class=\"screen-reader-text\">Notre histoire<\/span> <span class=\"meta-nav\">&rarr;<\/span><\/a><\/p>\n","protected":false},"author":1,"featured_media":0,"parent":0,"menu_order":0,"comment_status":"closed","ping_status":"closed","template":"","meta":{"footnotes":""},"_links":{"self":[{"href":"https:\/\/joailliersorfevres.fr\/actuor\/wp-json\/wp\/v2\/pages\/9"}],"collection":[{"href":"https:\/\/joailliersorfevres.fr\/actuor\/wp-json\/wp\/v2\/pages"}],"about":[{"href":"https:\/\/joailliersorfevres.fr\/actuor\/wp-json\/wp\/v2\/types\/page"}],"author":[{"embeddable":true,"href":"https:\/\/joailliersorfevres.fr\/actuor\/wp-json\/wp\/v2\/users\/1"}],"replies":[{"embeddable":true,"href":"https:\/\/joailliersorfevres.fr\/actuor\/wp-json\/wp\/v2\/comments?post=9"}],"version-history":[{"count":34,"href":"https:\/\/joailliersorfevres.fr\/actuor\/wp-json\/wp\/v2\/pages\/9\/revisions"}],"predecessor-version":[{"id":1109,"href":"https:\/\/joailliersorfevres.fr\/actuor\/wp-json\/wp\/v2\/pages\/9\/revisions\/1109"}],"wp:attachment":[{"href":"https:\/\/joailliersorfevres.fr\/actuor\/wp-json\/wp\/v2\/media?parent=9"}],"curies":[{"name":"wp","href":"https:\/\/api.w.org\/{rel}","templated":true}]}}