{"id":521,"date":"2016-03-18T14:22:54","date_gmt":"2016-03-18T13:22:54","guid":{"rendered":"http:\/\/joailliersorfevres.fr\/v2\/christian-miche\/?page_id=521"},"modified":"2018-10-17T17:47:21","modified_gmt":"2018-10-17T16:47:21","slug":"nos-bijouteries","status":"publish","type":"page","link":"https:\/\/joailliersorfevres.fr\/actuor\/nos-bijouteries\/","title":{"rendered":"Nos bijouteries"},"content":{"rendered":"<p style=\"text-align: left;\"><p class=\"error\">Basic Google Maps Placemarks erreur : les fichiers JavaScript et\/ou CSS n'ont pas pu \u00eatre chargez. SI vous utilisez la fonction do_shortcode(), vous devez ajouter un filtre \u00e0 votre th\u00e8me. <a href=\"http:\/\/wordpress.org\/extend\/plugins\/basic-google-maps-placemarks\/faq\/\">the FAQ<\/a>Plus de d\u00e9tails.<\/p><\/p>\n<hr \/>\n<p>&nbsp;<\/p>\n<h3>Actu&rsquo;or<\/h3>\n<p><a href=\"http:\/\/joailliersorfevres.fr\/actuor\/contact\/\">Envoyer un message<\/a><\/p>\n<p>&nbsp;<\/p>\n<ul>\n<li><strong>Actu&rsquo;or<\/strong><br \/>\nCentre Commercial Carrefour<br \/>\nAvenue Henri Matisse<br \/>\n59300 AULNOY LEZ VALENCIENNES<img loading=\"lazy\" decoding=\"async\" class=\"alignnone wp-image-1097 size-medium\" src=\"http:\/\/joailliersorfevres.fr\/actuor\/wp-content\/uploads\/sites\/23\/actuor-aulnoy-300x225.jpg\" width=\"300\" height=\"225\" srcset=\"https:\/\/joailliersorfevres.fr\/actuor\/wp-content\/uploads\/sites\/23\/actuor-aulnoy-300x225.jpg 300w, https:\/\/joailliersorfevres.fr\/actuor\/wp-content\/uploads\/sites\/23\/actuor-aulnoy-1024x768.jpg 1024w, https:\/\/joailliersorfevres.fr\/actuor\/wp-content\/uploads\/sites\/23\/actuor-aulnoy.jpg 2048w\" sizes=\"(max-width: 300px) 100vw, 300px\" \/><\/p>\n<p class=\"tel\"><strong>03 27 29 82 26<\/strong><\/p>\n<h5>Horaires<\/h5>\n<p><span style=\"color: #0ba200;\">Ouvert<\/span><br \/>\n<strong>&#8211; Du lundi au samedi<\/strong><br \/>\nde 9h30 \u00e0 20h00<\/li>\n<li><strong>Actu&rsquo;or<\/strong><br \/>\nCentre Commercial Auchan<br \/>\n59494 PETITE FORET<img loading=\"lazy\" decoding=\"async\" class=\"alignnone wp-image-1096 size-medium\" src=\"http:\/\/joailliersorfevres.fr\/actuor\/wp-content\/uploads\/sites\/23\/actuor-pf-300x213.jpg\" width=\"300\" height=\"213\" srcset=\"https:\/\/joailliersorfevres.fr\/actuor\/wp-content\/uploads\/sites\/23\/actuor-pf-300x213.jpg 300w, https:\/\/joailliersorfevres.fr\/actuor\/wp-content\/uploads\/sites\/23\/actuor-pf.jpg 960w\" sizes=\"(max-width: 300px) 100vw, 300px\" \/><\/p>\n<p class=\"tel\"><strong>03 27 29 20 80 <\/strong><\/p>\n<h5>Horaires<\/h5>\n<p><span style=\"color: #0ba200;\">Ouvert<\/span><br \/>\n<strong>&#8211; Du lundi au samedi<\/strong><br \/>\nde 9h30 \u00e0 20h15<\/li>\n<\/ul>\n<hr \/>\n","protected":false},"excerpt":{"rendered":"<p>&nbsp; Actu&rsquo;or Envoyer un message &nbsp; Actu&rsquo;or Centre Commercial Carrefour Avenue Henri Matisse 59300 AULNOY LEZ VALENCIENNES 03 27 29 82 26 Horaires Ouvert &#8211; Du lundi au samedi de 9h30 \u00e0 20h00 Actu&rsquo;or Centre Commercial Auchan 59494 PETITE FORET 03 27 29 20 80 Horaires Ouvert &#8211; Du lundi au samedi de 9h30 \u00e0 &hellip; <a href=\"https:\/\/joailliersorfevres.fr\/actuor\/nos-bijouteries\/\" class=\"more-link\">Continuer la lecture de <span class=\"screen-reader-text\">Nos bijouteries<\/span> <span class=\"meta-nav\">&rarr;<\/span><\/a><\/p>\n","protected":false},"author":1,"featured_media":0,"parent":0,"menu_order":0,"comment_status":"closed","ping_status":"closed","template":"","meta":{"footnotes":""},"_links":{"self":[{"href":"https:\/\/joailliersorfevres.fr\/actuor\/wp-json\/wp\/v2\/pages\/521"}],"collection":[{"href":"https:\/\/joailliersorfevres.fr\/actuor\/wp-json\/wp\/v2\/pages"}],"about":[{"href":"https:\/\/joailliersorfevres.fr\/actuor\/wp-json\/wp\/v2\/types\/page"}],"author":[{"embeddable":true,"href":"https:\/\/joailliersorfevres.fr\/actuor\/wp-json\/wp\/v2\/users\/1"}],"replies":[{"embeddable":true,"href":"https:\/\/joailliersorfevres.fr\/actuor\/wp-json\/wp\/v2\/comments?post=521"}],"version-history":[{"count":87,"href":"https:\/\/joailliersorfevres.fr\/actuor\/wp-json\/wp\/v2\/pages\/521\/revisions"}],"predecessor-version":[{"id":946,"href":"https:\/\/joailliersorfevres.fr\/actuor\/wp-json\/wp\/v2\/pages\/521\/revisions\/946"}],"wp:attachment":[{"href":"https:\/\/joailliersorfevres.fr\/actuor\/wp-json\/wp\/v2\/media?parent=521"}],"curies":[{"name":"wp","href":"https:\/\/api.w.org\/{rel}","templated":true}]}}