{"id":321,"date":"2016-03-02T14:27:33","date_gmt":"2016-03-02T13:27:33","guid":{"rendered":"http:\/\/joailliersorfevres.fr\/v2\/christian-miche\/?page_id=321"},"modified":"2016-09-19T14:57:47","modified_gmt":"2016-09-19T13:57:47","slug":"credits","status":"publish","type":"page","link":"https:\/\/joailliersorfevres.fr\/actuor\/credits\/","title":{"rendered":"Cr\u00e9dits"},"content":{"rendered":"<h3>Conception et r\u00e9alisation graphique<\/h3>\n<p>Egga<br \/>\n<a href=\"http:\/\/www.egga.fr\/\" target=\"_blank\">www.egga.fr<\/a><\/p>\n<h3>D\u00e9veloppement<\/h3>\n<p>IPPAC<br \/>\n<a href=\"http:\/\/www.ippac.fr\/\" target=\"_blank\">www.ippac.fr<\/a><\/p>\n<h3>Cr\u00e9dits Photos<\/h3>\n<p>ISTOCK<br \/>\nSTUDIO ACHER<\/p>\n","protected":false},"excerpt":{"rendered":"<p>Conception et r\u00e9alisation graphique Egga www.egga.fr D\u00e9veloppement IPPAC www.ippac.fr Cr\u00e9dits Photos ISTOCK STUDIO ACHER<\/p>\n","protected":false},"author":1,"featured_media":0,"parent":0,"menu_order":0,"comment_status":"closed","ping_status":"closed","template":"","meta":{"footnotes":""},"_links":{"self":[{"href":"https:\/\/joailliersorfevres.fr\/actuor\/wp-json\/wp\/v2\/pages\/321"}],"collection":[{"href":"https:\/\/joailliersorfevres.fr\/actuor\/wp-json\/wp\/v2\/pages"}],"about":[{"href":"https:\/\/joailliersorfevres.fr\/actuor\/wp-json\/wp\/v2\/types\/page"}],"author":[{"embeddable":true,"href":"https:\/\/joailliersorfevres.fr\/actuor\/wp-json\/wp\/v2\/users\/1"}],"replies":[{"embeddable":true,"href":"https:\/\/joailliersorfevres.fr\/actuor\/wp-json\/wp\/v2\/comments?post=321"}],"version-history":[{"count":3,"href":"https:\/\/joailliersorfevres.fr\/actuor\/wp-json\/wp\/v2\/pages\/321\/revisions"}],"predecessor-version":[{"id":1077,"href":"https:\/\/joailliersorfevres.fr\/actuor\/wp-json\/wp\/v2\/pages\/321\/revisions\/1077"}],"wp:attachment":[{"href":"https:\/\/joailliersorfevres.fr\/actuor\/wp-json\/wp\/v2\/media?parent=321"}],"curies":[{"name":"wp","href":"https:\/\/api.w.org\/{rel}","templated":true}]}}