{"id":319,"date":"2016-03-02T14:27:15","date_gmt":"2016-03-02T13:27:15","guid":{"rendered":"http:\/\/joailliersorfevres.fr\/v2\/christian-miche\/?page_id=319"},"modified":"2016-09-19T14:55:19","modified_gmt":"2016-09-19T13:55:19","slug":"mentions-legales","status":"publish","type":"page","link":"https:\/\/joailliersorfevres.fr\/actuor\/mentions-legales\/","title":{"rendered":"Mentions l\u00e9gales"},"content":{"rendered":"<h3>Propri\u00e9t\u00e9 et responsabilit\u00e9 \u00e9ditoriale<\/h3>\n<p>Le pr\u00e9sent site a \u00e9t\u00e9 r\u00e9alis\u00e9 par EGGA SARL : 77, rue des Archives 75003 Paris \u2013 01 40 27 01 04. Il est la propri\u00e9t\u00e9 de EGGA dont le si\u00e8ge social est : 77, rue des Archives 75003 Paris, inscrite au Registre du Commerce et des Soci\u00e9t\u00e9s de Paris sous le n\u00b0 378 280 929. Coordonn\u00e9es t\u00e9l\u00e9phoniques : 01 40 27 01 04. Le directeur de la publication du pr\u00e9sent site est Eric Marraud Des Grottes, en sa qualit\u00e9 de g\u00e9rant.<\/p>\n<h3>H\u00e9bergement<\/h3>\n<p>Le prestataire assurant l&rsquo;h\u00e9bergement du site est la soci\u00e9t\u00e9 AMEN (www.amen.fr) D\u00e9claration du site \u00e0 la CNIL (si r\u00e9colte de donn\u00e9es type mails) Conform\u00e9ment aux dispositions de la loi n\u00b078-17 du 6 janvier 1978 relative \u00e0 l\u2019informatique, aux fichiers et aux libert\u00e9s, le traitement automatis\u00e9 des donn\u00e9es nominatives r\u00e9alis\u00e9 \u00e0 partir de ce site Internet a fait l\u2019objet d\u2019une d\u00e9claration aupr\u00e8s de la Commission nationale de l\u2019informatique et des libert\u00e9s (CNIL) sous le num\u00e9ro ( en cours)<\/p>\n<h3>Donn\u00e9es nominatives<\/h3>\n<p>En application de la Loi n\u00b0 78-17 du 6 janvier 1978 relative \u00e0 l&rsquo;Informatique, aux Fichiers et aux Libert\u00e9s, vous disposez des droits d&rsquo;opposition (art. 26 de la loi), d&rsquo;acc\u00e8s (art.34 \u00e0 38 de la loi) et de rectification (art. 36 de la loi) des donn\u00e9es vous concernant. Ainsi, vous pouvez nous contacter pour que soient rectifi\u00e9es, compl\u00e9t\u00e9es, mises \u00e0 jour ou effac\u00e9es les informations vous concernant qui sont inexactes, incompl\u00e8tes, \u00e9quivoques, p\u00e9rim\u00e9es ou dont la collecte ou l&rsquo;utilisation, la communication ou la conservation est interdite. Les informations qui vous concernent sont uniquement destin\u00e9es au groupement Joailliers Orf\u00e8vres. Nous ne transmettons ces informations \u00e0 aucuns tiers (partenaires commerciaux, etc).<\/p>\n<h3>Cookies<\/h3>\n<p>L\u2019utilisateur est inform\u00e9 que lors de ses visites sur le site, un cookie peut s\u2019installer automatiquement sur son logiciel de navigation. Un cookie est un \u00e9l\u00e9ment qui ne permet pas d\u2019identifier l\u2019utilisateur mais sert \u00e0 enregistrer des informations relatives \u00e0 la navigation de celui-ci sur le site Internet. L\u2019utilisateur pourra d\u00e9sactiver ce cookie par l\u2019interm\u00e9diaire des param\u00e8tres figurant au sein de son logiciel de navigation<\/p>\n<h3>Utilisation et acc\u00e8s au site<\/h3>\n<p>Toute utilisation de ce site se fait \u00e0 vos propres risques. www.joailliersorfevres.fr n&rsquo;offre aucune garantie d&rsquo;aucune sorte en ce qui concerne ce site et son utilisation, y compris la s\u00e9curit\u00e9 de n&rsquo;importe quelles donn\u00e9es ou informations transmises. Ni www.joailliersorfevres.com ni n&rsquo;importe quel autre tiers impliqu\u00e9 dans la cr\u00e9ation, la production ou la livraison de ce site n&rsquo;assume ou n&rsquo;accepte de responsabilit\u00e9 pour n&rsquo;importe quels co\u00fbts, pertes, ou dommages\u2026etc. cons\u00e9quences de l&rsquo;utilisation, de l&rsquo;acc\u00e8s \u00e0 ce site hors ligne ou en ligne, ou d&rsquo;un \u00e9chec de connexion pour n&rsquo;importe quelle raison.<\/p>\n<h3>Liens vers les autres sites<\/h3>\n<p>Il est entendu que les liens fournis sur le site www.joailliersorfevres.fr ne sont pas sous son contr\u00f4le. \u00ab\u00a0www.joailliersorfevres.fr\u00a0\u00bb n&rsquo;assume aucune responsabilit\u00e9 en ce qui concerne ce(s) site(s), ou pour n&rsquo;importe quels dommages potentiels cons\u00e9cutifs \u00e0 l&rsquo;utilisation de ce(s) lien(s). En outre, en aucun cas le fait que de(s) lien(s) vers ce(s) site(s) soit fournis ne pourra \u00eatre interpr\u00e9t\u00e9 comme \u00e9tant une approbation de \u00ab\u00a0www.joailliersorfevres.fr\u00a0\u00bb du propri\u00e9taire ou du contenu de ce(s) site(s).<\/p>\n<h3>Contenus non sollicit\u00e9s<\/h3>\n<p>D&rsquo;une mani\u00e8re g\u00e9n\u00e9rale, \u00ab www.joailliersorfevres.fr \u00bb consid\u00e8re toutes suggestions ou id\u00e9es qui lui sont soumises comme offertes et non sollicit\u00e9e.<\/p>\n<h3>Propri\u00e9t\u00e9 intellectuelle<\/h3>\n<p>Le site Internet, sa structure g\u00e9n\u00e9rale, ainsi que les textes, images anim\u00e9es ou non, savoir-faire, dessins, graphismes (&#8230;) et tout autre \u00e9l\u00e9ment composant le site, sont la propri\u00e9t\u00e9 soit de EGGA SARL soit de personnes, associations ou entreprises qui auront donn\u00e9 l\u2019autorisation \u00e0 EGGA SARL d\u2019utiliser leurs donn\u00e9es. Toute repr\u00e9sentation totale ou partielle de ce site par quelque proc\u00e9d\u00e9 que ce soit, sans l\u2019autorisation expresse de l\u2019exploitant du site Internet est interdite et constituerait une contrefa\u00e7on sanctionn\u00e9e par les articles L 335-2 et suivants du Code de la propri\u00e9t\u00e9 intellectuelle. Les marques de l\u2019exploitant du site Internet et de ses partenaires, ainsi que les logos figurant sur le site sont des marques (semi-figuratives ou non) d\u00e9pos\u00e9es. Toute reproduction totale ou partielle de ces marques ou de ces logos, effectu\u00e9e \u00e0 partir des \u00e9l\u00e9ments du site sans l\u2019autorisation expresse de l\u2019exploitant du site Internet ou de son ayant-droit est donc prohib\u00e9e, au sens de l\u2019article L713-2 du CPI.<\/p>\n","protected":false},"excerpt":{"rendered":"<p>Propri\u00e9t\u00e9 et responsabilit\u00e9 \u00e9ditoriale Le pr\u00e9sent site a \u00e9t\u00e9 r\u00e9alis\u00e9 par EGGA SARL : 77, rue des Archives 75003 Paris \u2013 01 40 27 01 04. Il est la propri\u00e9t\u00e9 de EGGA dont le si\u00e8ge social est : 77, rue des Archives 75003 Paris, inscrite au Registre du Commerce et des Soci\u00e9t\u00e9s de Paris sous &hellip; <a href=\"https:\/\/joailliersorfevres.fr\/actuor\/mentions-legales\/\" class=\"more-link\">Continuer la lecture de <span class=\"screen-reader-text\">Mentions l\u00e9gales<\/span> <span class=\"meta-nav\">&rarr;<\/span><\/a><\/p>\n","protected":false},"author":1,"featured_media":0,"parent":0,"menu_order":0,"comment_status":"closed","ping_status":"closed","template":"","meta":{"footnotes":""},"_links":{"self":[{"href":"https:\/\/joailliersorfevres.fr\/actuor\/wp-json\/wp\/v2\/pages\/319"}],"collection":[{"href":"https:\/\/joailliersorfevres.fr\/actuor\/wp-json\/wp\/v2\/pages"}],"about":[{"href":"https:\/\/joailliersorfevres.fr\/actuor\/wp-json\/wp\/v2\/types\/page"}],"author":[{"embeddable":true,"href":"https:\/\/joailliersorfevres.fr\/actuor\/wp-json\/wp\/v2\/users\/1"}],"replies":[{"embeddable":true,"href":"https:\/\/joailliersorfevres.fr\/actuor\/wp-json\/wp\/v2\/comments?post=319"}],"version-history":[{"count":3,"href":"https:\/\/joailliersorfevres.fr\/actuor\/wp-json\/wp\/v2\/pages\/319\/revisions"}],"predecessor-version":[{"id":1073,"href":"https:\/\/joailliersorfevres.fr\/actuor\/wp-json\/wp\/v2\/pages\/319\/revisions\/1073"}],"wp:attachment":[{"href":"https:\/\/joailliersorfevres.fr\/actuor\/wp-json\/wp\/v2\/media?parent=319"}],"curies":[{"name":"wp","href":"https:\/\/api.w.org\/{rel}","templated":true}]}}