{"id":11,"date":"2016-01-22T11:42:03","date_gmt":"2016-01-22T10:42:03","guid":{"rendered":"http:\/\/joailliersorfevres.fr\/v2\/christian-miche\/?page_id=11"},"modified":"2016-09-22T10:05:30","modified_gmt":"2016-09-22T09:05:30","slug":"nos-engagements","status":"publish","type":"page","link":"https:\/\/joailliersorfevres.fr\/actuor\/nos-engagements\/","title":{"rendered":"Nos services"},"content":{"rendered":"<ul>\n<li>\n<h3>Moyens de paiement<\/h3>\n<ul>\n<li><strong>R\u00e8glements en carte bancaire, en esp\u00e8ce ou en virement.<br \/>\n<img loading=\"lazy\" decoding=\"async\" class=\"wp-image-827 size-full alignleft\" src=\"http:\/\/joailliersorfevres.fr\/actuor\/wp-content\/uploads\/sites\/23\/attention-1.jpg\" width=\"27\" height=\"29\" \/>\u00a0\u00a0<\/strong>Nous n&rsquo;acceptons plus les ch\u00e8ques bancaires.<\/li>\n<\/ul>\n<\/li>\n<li>\n<h3>Ajustage gracieux<\/h3>\n<ul>\n<li><strong>L&rsquo;ajustage gracieux de votre bague NEUVE.<\/strong> Dans les quinze jours suivant l&rsquo;achat.<\/li>\n<\/ul>\n<\/li>\n<li>\n<h3>Echange des articles neufs<\/h3>\n<ul>\n<li><strong>L&rsquo;\u00e9change des articles NEUFS (non port\u00e9s et remis dans leur bo\u00eete d&rsquo;origine avec leur certificat d&rsquo;authenticit\u00e9) dans les quinze jours.<\/strong><br \/>\nSauf produits remis\u00e9s et boucles d&rsquo;oreilles \/ piercings.<\/li>\n<\/ul>\n<\/li>\n<li>\n<h3>Devis de r\u00e9paration gratuit<\/h3>\n<ul>\n<li><strong>Les devis de r\u00e9parations et de transformations GRATUITS.<\/strong> Sauf montres CASIO.<\/li>\n<\/ul>\n<\/li>\n<li>\n<h3>Garanties<\/h3>\n<ul>\n<li><strong>Tous les mouvements de montres sont garantis 2 ans.<\/strong> Sont exclus bo\u00eetiers, bracelets, verres et remontoirs.<\/li>\n<\/ul>\n<\/li>\n<\/ul>\n","protected":false},"excerpt":{"rendered":"<p>Moyens de paiement R\u00e8glements en carte bancaire, en esp\u00e8ce ou en virement. \u00a0\u00a0Nous n&rsquo;acceptons plus les ch\u00e8ques bancaires. Ajustage gracieux L&rsquo;ajustage gracieux de votre bague NEUVE. Dans les quinze jours suivant l&rsquo;achat. Echange des articles neufs L&rsquo;\u00e9change des articles NEUFS (non port\u00e9s et remis dans leur bo\u00eete d&rsquo;origine avec leur certificat d&rsquo;authenticit\u00e9) dans les quinze &hellip; <a href=\"https:\/\/joailliersorfevres.fr\/actuor\/nos-engagements\/\" class=\"more-link\">Continuer la lecture de <span class=\"screen-reader-text\">Nos services<\/span> <span class=\"meta-nav\">&rarr;<\/span><\/a><\/p>\n","protected":false},"author":1,"featured_media":0,"parent":0,"menu_order":0,"comment_status":"closed","ping_status":"closed","template":"","meta":{"footnotes":""},"_links":{"self":[{"href":"https:\/\/joailliersorfevres.fr\/actuor\/wp-json\/wp\/v2\/pages\/11"}],"collection":[{"href":"https:\/\/joailliersorfevres.fr\/actuor\/wp-json\/wp\/v2\/pages"}],"about":[{"href":"https:\/\/joailliersorfevres.fr\/actuor\/wp-json\/wp\/v2\/types\/page"}],"author":[{"embeddable":true,"href":"https:\/\/joailliersorfevres.fr\/actuor\/wp-json\/wp\/v2\/users\/1"}],"replies":[{"embeddable":true,"href":"https:\/\/joailliersorfevres.fr\/actuor\/wp-json\/wp\/v2\/comments?post=11"}],"version-history":[{"count":38,"href":"https:\/\/joailliersorfevres.fr\/actuor\/wp-json\/wp\/v2\/pages\/11\/revisions"}],"predecessor-version":[{"id":1106,"href":"https:\/\/joailliersorfevres.fr\/actuor\/wp-json\/wp\/v2\/pages\/11\/revisions\/1106"}],"wp:attachment":[{"href":"https:\/\/joailliersorfevres.fr\/actuor\/wp-json\/wp\/v2\/media?parent=11"}],"curies":[{"name":"wp","href":"https:\/\/api.w.org\/{rel}","templated":true}]}}